{"id":109,"date":"2021-04-08T19:24:38","date_gmt":"2021-04-08T17:24:38","guid":{"rendered":"http:\/\/suesin-gartenservice.de\/?page_id=109"},"modified":"2026-03-12T17:39:04","modified_gmt":"2026-03-12T16:39:04","slug":"ueber-uns","status":"publish","type":"page","link":"https:\/\/suesin-dienstleistung.de\/?page_id=109","title":{"rendered":"\u00dcber uns"},"content":{"rendered":"\n<style type=\"text\/css\" data-created_by=\"avia_inline_auto\" id=\"style-css-av-j5er9-367aac586c5accf1239ad0a8633e076a\">\n#top .av-special-heading.av-j5er9-367aac586c5accf1239ad0a8633e076a{\npadding-bottom:10px;\n}\nbody .av-special-heading.av-j5er9-367aac586c5accf1239ad0a8633e076a .av-special-heading-tag .heading-char{\nfont-size:25px;\n}\n.av-special-heading.av-j5er9-367aac586c5accf1239ad0a8633e076a .av-subheading{\nfont-size:15px;\n}\n<\/style>\n<div  class='av-special-heading av-j5er9-367aac586c5accf1239ad0a8633e076a av-special-heading-h1 blockquote classic-quote classic-quote-left  avia-builder-el-0  el_before_av_one_half  avia-builder-el-first '><h1 class='av-special-heading-tag'  itemprop=\"headline\"  >\u00dcber S\u00fcsin-Dienstleistung, Erlensee<\/h1><div class=\"special-heading-border\"><div class=\"special-heading-inner-border\"><\/div><\/div><\/div>\n\n<style type=\"text\/css\" data-created_by=\"avia_inline_auto\" id=\"style-css-av-dy8bx-4e54b6652dba02592d963224bb6725d4\">\n.flex_column.av-dy8bx-4e54b6652dba02592d963224bb6725d4{\nborder-radius:0px 0px 0px 0px;\n-webkit-border-radius:0px 0px 0px 0px;\n-moz-border-radius:0px 0px 0px 0px;\n}\n<\/style>\n<div class='flex_column av-dy8bx-4e54b6652dba02592d963224bb6725d4 av_one_half  avia-builder-el-1  el_after_av_heading  el_before_av_one_half  first flex_column_div av-zero-column-padding '   ><section  class='av_textblock_section av-knagvtxp-32fe61897795333434582d4413a83487'  itemscope=\"itemscope\" itemtype=\"https:\/\/schema.org\/CreativeWork\" ><div class='avia_textblock'  itemprop=\"text\" ><div id=\"pgc-181-0-0\" class=\"panel-grid-cell\">\n<div id=\"panel-181-0-0-0\" class=\"so-panel widget widget_sow-editor panel-first-child panel-last-child\" data-index=\"0\">\n<div class=\"so-widget-sow-editor so-widget-sow-editor-base\">\n<h3 class=\"widget-title\"><\/h3>\n<p class=\"widget-title\">Mit S\u00fcsin-Dienstleistung aus 63526 Erlensee wird Ihre Gartengestaltung zum vollen Erfolg! Unter der Leitung von Gesch\u00e4ftsf\u00fchrer Sercan S\u00fcsin finden Sie hier ein versiertes Team, das sich um die Gestaltung und die Pflege Ihres Gartens k\u00fcmmert.<\/p>\n<h3 class=\"widget-title\"><strong> \u201cAlles im gr\u00fcnen Bereich!\u201c <\/strong><\/h3>\n<p class=\"widget-title\">S\u00fcsin-Dienstleistung aus 63526 Erlensee hat sich auf die Gartengestaltung spezialisiert: Dazu geh\u00f6ren auch der Teichbau und die dazugeh\u00f6rige Technik \u2013 bei S\u00fcsin-Dienstleistung finden Sie sogar Kois f\u00fcr Ihren Gartenteich! Aber auch die Verarbeitung von verschiedenen Materialien wie Stein und Holz z\u00e4hlt zu den besonderen F\u00e4higkeiten des Betriebs. Zudem ist das Unternehmen noch im Bereich der Kamera\u00fcberwachung von Au\u00dfenanlagen t\u00e4tig \u2013 hier finden Sie also ein umfangreiches und vielf\u00e4ltiges Angebot an Dienstleistungen. Das Planungsb\u00fcro gegr\u00fcndeten Einzelunternehmens sorgt dabei f\u00fcr einen reibungslosen Ablauf Ihres Auftrags.<\/p>\n<h3><\/h3>\n<p class=\"widget-title\"><strong> Nehmen sie jetzt Kontakt zu S\u00fcsin-Dienstleistung auf und \u00fcberzeugen Sie sich von den Leistungen des Betriebs!<\/strong><\/p>\n<\/div>\n<\/div>\n<\/div>\n<div id=\"pgc-181-0-1\" class=\"panel-grid-cell\">\n<div id=\"panel-181-0-1-0\" class=\"so-panel widget widget_sow-editor panel-first-child panel-last-child\" data-index=\"1\">\n<div class=\"so-widget-sow-editor so-widget-sow-editor-base\">\n<div class=\"siteorigin-widget-tinymce textwidget\">\n<div class=\"twentytwenty-wrapper twentytwenty-horizontal\">\n<div class=\"twentytwenty twentytwenty-container\">\n<div class=\"twentytwenty-overlay\">\n<div class=\"twentytwenty-before-label\"><\/div>\n<div class=\"twentytwenty-after-label\"><\/div>\n<\/div>\n<div class=\"twentytwenty-handle\"><\/div>\n<\/div>\n<\/div>\n<\/div>\n<\/div>\n<\/div>\n<\/div>\n<div id=\"pgc-181-1-0\" class=\"panel-grid-cell\">\n<div id=\"panel-181-1-0-0\" class=\"so-panel widget widget_qt_count_box widget-count-box panel-first-child panel-last-child\" data-index=\"2\">\n<div class=\"counter count-box\">\n<div class=\"count-icon\"><\/div>\n<\/div>\n<\/div>\n<\/div>\n<\/div><\/section><\/div>\n<style type=\"text\/css\" data-created_by=\"avia_inline_auto\" id=\"style-css-av-z379-4c9e34e8f12c089a387c69cb413afbae\">\n.flex_column.av-z379-4c9e34e8f12c089a387c69cb413afbae{\nborder-radius:0px 0px 0px 0px;\n-webkit-border-radius:0px 0px 0px 0px;\n-moz-border-radius:0px 0px 0px 0px;\n}\n<\/style>\n<div class='flex_column av-z379-4c9e34e8f12c089a387c69cb413afbae av_one_half  avia-builder-el-3  el_after_av_one_half  el_before_av_textblock  flex_column_div av-zero-column-padding '   ><style type=\"text\/css\" data-created_by=\"avia_inline_auto\" id=\"style-css-av-ko9z2i94-de487faa00669be32d8b7ee35261dd3f\">\n.avia-image-container.av-ko9z2i94-de487faa00669be32d8b7ee35261dd3f .av-image-caption-overlay-center{\ncolor:#ffffff;\n}\n<\/style>\n<div  class='avia-image-container av-ko9z2i94-de487faa00669be32d8b7ee35261dd3f av-styling- av-hover-grow avia_animated_image avia_animate_when_almost_visible left-to-right avia-align-center  avia-builder-el-4  avia-builder-el-no-sibling '  itemprop=\"image\" itemscope=\"itemscope\" itemtype=\"https:\/\/schema.org\/ImageObject\" ><div class=\"avia-image-container-inner\"><div class=\"avia-image-overlay-wrap\"><img decoding=\"async\" class='wp-image-281 avia-img-lazy-loading-281 avia_image lazyload' data-src=\"https:\/\/suesin-dienstleistung.de\/wp-content\/uploads\/2021\/05\/Garten-Service-Suesin_Logo_web-300x262.png\" alt='' title='Garten-Service S\u00fcsin'  height=\"262\" width=\"300\"  itemprop=\"thumbnailUrl\" data-srcset=\"https:\/\/suesin-dienstleistung.de\/wp-content\/uploads\/2021\/05\/Garten-Service-Suesin_Logo_web-300x262.png 300w, https:\/\/suesin-dienstleistung.de\/wp-content\/uploads\/2021\/05\/Garten-Service-Suesin_Logo_web.png 588w\" data-sizes=\"(max-width: 300px) 100vw, 300px\" src=\"data:image\/svg+xml;base64,PHN2ZyB3aWR0aD0iMSIgaGVpZ2h0PSIxIiB4bWxucz0iaHR0cDovL3d3dy53My5vcmcvMjAwMC9zdmciPjwvc3ZnPg==\" style=\"--smush-placeholder-width: 300px; --smush-placeholder-aspect-ratio: 300\/262;\" \/><\/div><\/div><\/div><\/div><\/p>\n<section  class='av_textblock_section av-knagwzuo-4ccca8a5434ef4a2c1bc1ecf760ce825'  itemscope=\"itemscope\" itemtype=\"https:\/\/schema.org\/CreativeWork\" ><div class='avia_textblock'  itemprop=\"text\" ><h3>Spezialisierungen<\/h3>\n<ul>\n<li>Wasseranlagen<\/li>\n<li>Gartengestaltung<\/li>\n<li>Gartenpflege<\/li>\n<\/ul>\n<\/div><\/section>\n<div  class='hr av-hn8wt-f5a28db3d53a484738fe8a702af94d35 hr-default  avia-builder-el-6  el_after_av_textblock  el_before_av_one_full '><span class='hr-inner '><span class=\"hr-inner-style\"><\/span><\/span><\/div>\n\n<style type=\"text\/css\" data-created_by=\"avia_inline_auto\" id=\"style-css-av-9s9et-4f5977f8c16fadf1c922b750dcd67055\">\n.flex_column.av-9s9et-4f5977f8c16fadf1c922b750dcd67055{\nborder-radius:0px 0px 0px 0px;\n-webkit-border-radius:0px 0px 0px 0px;\n-moz-border-radius:0px 0px 0px 0px;\n}\n<\/style>\n<div class='flex_column av-9s9et-4f5977f8c16fadf1c922b750dcd67055 av_one_full  avia-builder-el-7  el_after_av_hr  avia-builder-el-last  first flex_column_div av-zero-column-padding '   ><section  class='av_textblock_section av-knbohwin-3f0a31d89dcb97f8e8d2ddb91bd33829'  itemscope=\"itemscope\" itemtype=\"https:\/\/schema.org\/CreativeWork\" ><div class='avia_textblock'  itemprop=\"text\" ><h2 id=\"cc-m-header-7553367561\" style=\"text-align: center;\"><span style=\"vertical-align: inherit;\"><span style=\"vertical-align: inherit;\"><span style=\"vertical-align: inherit;\"><span style=\"vertical-align: inherit;\">HABEN WIR IHR INTERESSE GEWECKT? DANN KONTAKTIEREN SIE UNS!<\/span><\/span><\/span><\/span><\/h2>\n<\/div><\/section><br \/>\n<div  class='avia-button-wrap avia-button-center  avia-builder-el-9  el_after_av_textblock  avia-builder-el-last ' ><a href='https:\/\/suesin-dienstleistung.de\/?page_id=83'  class='avia-button av-knbojcm4-be5228819fe8649cd9a709120bc682e1 avia-icon_select-no avia-size-large avia-position-center avia-color-theme-color' ><span class='avia_iconbox_title' >HIER KLICKEN<\/span><\/a><\/div><\/p><\/div>\n","protected":false},"excerpt":{"rendered":"","protected":false},"author":1,"featured_media":0,"parent":0,"menu_order":2,"comment_status":"closed","ping_status":"closed","template":"","meta":{"footnotes":""},"class_list":["post-109","page","type-page","status-publish","hentry"],"yoast_head":"<!-- This site is optimized with the Yoast SEO plugin v27.3 - https:\/\/yoast.com\/product\/yoast-seo-wordpress\/ -->\n<title>\u00dcber uns &#187; S\u00fcsin-Dienstleistung<\/title>\n<meta name=\"robots\" content=\"index, follow, max-snippet:-1, max-image-preview:large, max-video-preview:-1\" \/>\n<link rel=\"canonical\" href=\"https:\/\/suesin-dienstleistung.de\/?page_id=109\" \/>\n<meta property=\"og:locale\" content=\"de_DE\" \/>\n<meta property=\"og:type\" content=\"article\" \/>\n<meta property=\"og:title\" content=\"\u00dcber uns &#187; S\u00fcsin-Dienstleistung\" \/>\n<meta property=\"og:url\" content=\"https:\/\/suesin-dienstleistung.de\/?page_id=109\" \/>\n<meta property=\"og:site_name\" content=\"S\u00fcsin-Dienstleistung\" \/>\n<meta property=\"article:modified_time\" content=\"2026-03-12T16:39:04+00:00\" \/>\n<meta name=\"twitter:card\" content=\"summary_large_image\" \/>\n<meta name=\"twitter:label1\" content=\"Gesch\u00e4tzte Lesezeit\" \/>\n\t<meta name=\"twitter:data1\" content=\"2\u00a0Minuten\" \/>\n<script type=\"application\/ld+json\" class=\"yoast-schema-graph\">{\"@context\":\"https:\\\/\\\/schema.org\",\"@graph\":[{\"@type\":\"WebPage\",\"@id\":\"https:\\\/\\\/suesin-dienstleistung.de\\\/?page_id=109\",\"url\":\"https:\\\/\\\/suesin-dienstleistung.de\\\/?page_id=109\",\"name\":\"\u00dcber uns &#187; S\u00fcsin-Dienstleistung\",\"isPartOf\":{\"@id\":\"https:\\\/\\\/suesin-dienstleistung.de\\\/#website\"},\"datePublished\":\"2021-04-08T17:24:38+00:00\",\"dateModified\":\"2026-03-12T16:39:04+00:00\",\"breadcrumb\":{\"@id\":\"https:\\\/\\\/suesin-dienstleistung.de\\\/?page_id=109#breadcrumb\"},\"inLanguage\":\"de\",\"potentialAction\":[{\"@type\":\"ReadAction\",\"target\":[\"https:\\\/\\\/suesin-dienstleistung.de\\\/?page_id=109\"]}]},{\"@type\":\"BreadcrumbList\",\"@id\":\"https:\\\/\\\/suesin-dienstleistung.de\\\/?page_id=109#breadcrumb\",\"itemListElement\":[{\"@type\":\"ListItem\",\"position\":1,\"name\":\"Startseite\",\"item\":\"https:\\\/\\\/suesin-dienstleistung.de\\\/?page_id=79\"},{\"@type\":\"ListItem\",\"position\":2,\"name\":\"\u00dcber uns\"}]},{\"@type\":\"WebSite\",\"@id\":\"https:\\\/\\\/suesin-dienstleistung.de\\\/#website\",\"url\":\"https:\\\/\\\/suesin-dienstleistung.de\\\/\",\"name\":\"Garten-Service S\u00fcsin\",\"description\":\"aus Erlensee\",\"publisher\":{\"@id\":\"https:\\\/\\\/suesin-dienstleistung.de\\\/#organization\"},\"potentialAction\":[{\"@type\":\"SearchAction\",\"target\":{\"@type\":\"EntryPoint\",\"urlTemplate\":\"https:\\\/\\\/suesin-dienstleistung.de\\\/?s={search_term_string}\"},\"query-input\":{\"@type\":\"PropertyValueSpecification\",\"valueRequired\":true,\"valueName\":\"search_term_string\"}}],\"inLanguage\":\"de\"},{\"@type\":\"Organization\",\"@id\":\"https:\\\/\\\/suesin-dienstleistung.de\\\/#organization\",\"name\":\"S\u00fcsin-Dienstleistung\",\"alternateName\":\"S\u00fcsin-Dienstleistung\",\"url\":\"https:\\\/\\\/suesin-dienstleistung.de\\\/\",\"logo\":{\"@type\":\"ImageObject\",\"inLanguage\":\"de\",\"@id\":\"https:\\\/\\\/suesin-dienstleistung.de\\\/#\\\/schema\\\/logo\\\/image\\\/\",\"url\":\"https:\\\/\\\/suesin-dienstleistung.de\\\/wp-content\\\/uploads\\\/2021\\\/04\\\/1.png\",\"contentUrl\":\"https:\\\/\\\/suesin-dienstleistung.de\\\/wp-content\\\/uploads\\\/2021\\\/04\\\/1.png\",\"width\":289,\"height\":279,\"caption\":\"S\u00fcsin-Dienstleistung\"},\"image\":{\"@id\":\"https:\\\/\\\/suesin-dienstleistung.de\\\/#\\\/schema\\\/logo\\\/image\\\/\"}}]}<\/script>\n<!-- \/ Yoast SEO plugin. -->","yoast_head_json":{"title":"\u00dcber uns &#187; S\u00fcsin-Dienstleistung","robots":{"index":"index","follow":"follow","max-snippet":"max-snippet:-1","max-image-preview":"max-image-preview:large","max-video-preview":"max-video-preview:-1"},"canonical":"https:\/\/suesin-dienstleistung.de\/?page_id=109","og_locale":"de_DE","og_type":"article","og_title":"\u00dcber uns &#187; S\u00fcsin-Dienstleistung","og_url":"https:\/\/suesin-dienstleistung.de\/?page_id=109","og_site_name":"S\u00fcsin-Dienstleistung","article_modified_time":"2026-03-12T16:39:04+00:00","twitter_card":"summary_large_image","twitter_misc":{"Gesch\u00e4tzte Lesezeit":"2\u00a0Minuten"},"schema":{"@context":"https:\/\/schema.org","@graph":[{"@type":"WebPage","@id":"https:\/\/suesin-dienstleistung.de\/?page_id=109","url":"https:\/\/suesin-dienstleistung.de\/?page_id=109","name":"\u00dcber uns &#187; S\u00fcsin-Dienstleistung","isPartOf":{"@id":"https:\/\/suesin-dienstleistung.de\/#website"},"datePublished":"2021-04-08T17:24:38+00:00","dateModified":"2026-03-12T16:39:04+00:00","breadcrumb":{"@id":"https:\/\/suesin-dienstleistung.de\/?page_id=109#breadcrumb"},"inLanguage":"de","potentialAction":[{"@type":"ReadAction","target":["https:\/\/suesin-dienstleistung.de\/?page_id=109"]}]},{"@type":"BreadcrumbList","@id":"https:\/\/suesin-dienstleistung.de\/?page_id=109#breadcrumb","itemListElement":[{"@type":"ListItem","position":1,"name":"Startseite","item":"https:\/\/suesin-dienstleistung.de\/?page_id=79"},{"@type":"ListItem","position":2,"name":"\u00dcber uns"}]},{"@type":"WebSite","@id":"https:\/\/suesin-dienstleistung.de\/#website","url":"https:\/\/suesin-dienstleistung.de\/","name":"Garten-Service S\u00fcsin","description":"aus Erlensee","publisher":{"@id":"https:\/\/suesin-dienstleistung.de\/#organization"},"potentialAction":[{"@type":"SearchAction","target":{"@type":"EntryPoint","urlTemplate":"https:\/\/suesin-dienstleistung.de\/?s={search_term_string}"},"query-input":{"@type":"PropertyValueSpecification","valueRequired":true,"valueName":"search_term_string"}}],"inLanguage":"de"},{"@type":"Organization","@id":"https:\/\/suesin-dienstleistung.de\/#organization","name":"S\u00fcsin-Dienstleistung","alternateName":"S\u00fcsin-Dienstleistung","url":"https:\/\/suesin-dienstleistung.de\/","logo":{"@type":"ImageObject","inLanguage":"de","@id":"https:\/\/suesin-dienstleistung.de\/#\/schema\/logo\/image\/","url":"https:\/\/suesin-dienstleistung.de\/wp-content\/uploads\/2021\/04\/1.png","contentUrl":"https:\/\/suesin-dienstleistung.de\/wp-content\/uploads\/2021\/04\/1.png","width":289,"height":279,"caption":"S\u00fcsin-Dienstleistung"},"image":{"@id":"https:\/\/suesin-dienstleistung.de\/#\/schema\/logo\/image\/"}}]}},"_links":{"self":[{"href":"https:\/\/suesin-dienstleistung.de\/index.php?rest_route=\/wp\/v2\/pages\/109","targetHints":{"allow":["GET"]}}],"collection":[{"href":"https:\/\/suesin-dienstleistung.de\/index.php?rest_route=\/wp\/v2\/pages"}],"about":[{"href":"https:\/\/suesin-dienstleistung.de\/index.php?rest_route=\/wp\/v2\/types\/page"}],"author":[{"embeddable":true,"href":"https:\/\/suesin-dienstleistung.de\/index.php?rest_route=\/wp\/v2\/users\/1"}],"replies":[{"embeddable":true,"href":"https:\/\/suesin-dienstleistung.de\/index.php?rest_route=%2Fwp%2Fv2%2Fcomments&post=109"}],"version-history":[{"count":8,"href":"https:\/\/suesin-dienstleistung.de\/index.php?rest_route=\/wp\/v2\/pages\/109\/revisions"}],"predecessor-version":[{"id":605,"href":"https:\/\/suesin-dienstleistung.de\/index.php?rest_route=\/wp\/v2\/pages\/109\/revisions\/605"}],"wp:attachment":[{"href":"https:\/\/suesin-dienstleistung.de\/index.php?rest_route=%2Fwp%2Fv2%2Fmedia&parent=109"}],"curies":[{"name":"wp","href":"https:\/\/api.w.org\/{rel}","templated":true}]}}