{"id":160,"date":"2021-04-09T17:57:27","date_gmt":"2021-04-09T15:57:27","guid":{"rendered":"http:\/\/suesin-gartenservice.de\/?page_id=160"},"modified":"2021-04-12T13:52:17","modified_gmt":"2021-04-12T11:52:17","slug":"gartengestaltung","status":"publish","type":"page","link":"https:\/\/suesin-dienstleistung.de\/?page_id=160","title":{"rendered":"Gartengestaltung"},"content":{"rendered":"\n<style type=\"text\/css\" data-created_by=\"avia_inline_auto\" id=\"style-css-av-knahmy95-14438a70078f1d8f96899bfa3a4897ef\">\n.avia-accordion.av-knahmy95-14438a70078f1d8f96899bfa3a4897ef{\nmax-height:423px;\n}\n.avia-accordion.av-knahmy95-14438a70078f1d8f96899bfa3a4897ef .aviaccordion-preview{\nwidth:25.1%;\n}\n.avia-accordion .aviaccordion-slide.av-knahmy95-14438a70078f1d8f96899bfa3a4897ef__0{\nleft:0%;\n}\n.avia-accordion .aviaccordion-slide.av-knahmy95-14438a70078f1d8f96899bfa3a4897ef__1{\nleft:25%;\n}\n.avia-accordion .aviaccordion-slide.av-knahmy95-14438a70078f1d8f96899bfa3a4897ef__2{\nleft:50%;\n}\n.avia-accordion .aviaccordion-slide.av-knahmy95-14438a70078f1d8f96899bfa3a4897ef__3{\nleft:75%;\n}\n<\/style>\n<div  id=\"accordion_slider_1\"  class='aviaccordion avia-accordion av-knahmy95-14438a70078f1d8f96899bfa3a4897ef aviaccordion-title-inactive ' data-av-maxheight='423' data-autoplay='true' data-interval='3'   itemscope=\"itemscope\" itemtype=\"https:\/\/schema.org\/Blog\" ><ul class=\"aviaccordion-inner\"><li class='aviaccordion-slide av-knahmy95-14438a70078f1d8f96899bfa3a4897ef__0 aviaccordion-slide-1' data-av-left='0'  itemscope=\"itemscope\" itemtype=\"https:\/\/schema.org\/CreativeWork\" ><a class='aviaccordion-slide-link noHover' href=\"https:\/\/suesin-dienstleistung.de\/wp-content\/uploads\/2021\/04\/planung4-777x1030.jpg\" data-srcset=\"https:\/\/suesin-dienstleistung.de\/wp-content\/uploads\/2021\/04\/planung4-777x1030.jpg 777w, https:\/\/suesin-dienstleistung.de\/wp-content\/uploads\/2021\/04\/planung4-226x300.jpg 226w, https:\/\/suesin-dienstleistung.de\/wp-content\/uploads\/2021\/04\/planung4-768x1018.jpg 768w, https:\/\/suesin-dienstleistung.de\/wp-content\/uploads\/2021\/04\/planung4-1131x1500.jpg 1131w, https:\/\/suesin-dienstleistung.de\/wp-content\/uploads\/2021\/04\/planung4-532x705.jpg 532w, https:\/\/suesin-dienstleistung.de\/wp-content\/uploads\/2021\/04\/planung4.jpg 1138w\" data-sizes=\"(max-width: 777px) 100vw, 777px\"  title=\"planung4\" ><div class='aviaccordion-preview '><\/div><img decoding=\"async\" width=\"1138\" height=\"423\" data-src=\"https:\/\/suesin-dienstleistung.de\/wp-content\/uploads\/2021\/04\/planung4-1138x423.jpg\" class=\"aviaccordion-image lazyload\" alt=\"\" src=\"data:image\/svg+xml;base64,PHN2ZyB3aWR0aD0iMSIgaGVpZ2h0PSIxIiB4bWxucz0iaHR0cDovL3d3dy53My5vcmcvMjAwMC9zdmciPjwvc3ZnPg==\" style=\"--smush-placeholder-width: 1138px; --smush-placeholder-aspect-ratio: 1138\/423;\" \/><\/a><\/li><li class='aviaccordion-slide av-knahmy95-14438a70078f1d8f96899bfa3a4897ef__1 aviaccordion-slide-2' data-av-left='25'  itemscope=\"itemscope\" itemtype=\"https:\/\/schema.org\/CreativeWork\" ><a class='aviaccordion-slide-link noHover' href=\"https:\/\/suesin-dienstleistung.de\/wp-content\/uploads\/2021\/04\/planung3-1030x776.jpg\" data-srcset=\"https:\/\/suesin-dienstleistung.de\/wp-content\/uploads\/2021\/04\/planung3-1030x776.jpg 1030w, https:\/\/suesin-dienstleistung.de\/wp-content\/uploads\/2021\/04\/planung3-300x226.jpg 300w, https:\/\/suesin-dienstleistung.de\/wp-content\/uploads\/2021\/04\/planung3-768x579.jpg 768w, https:\/\/suesin-dienstleistung.de\/wp-content\/uploads\/2021\/04\/planung3-1536x1158.jpg 1536w, https:\/\/suesin-dienstleistung.de\/wp-content\/uploads\/2021\/04\/planung3-2048x1543.jpg 2048w, https:\/\/suesin-dienstleistung.de\/wp-content\/uploads\/2021\/04\/planung3-1500x1130.jpg 1500w, https:\/\/suesin-dienstleistung.de\/wp-content\/uploads\/2021\/04\/planung3-705x531.jpg 705w\" data-sizes=\"(max-width: 1030px) 100vw, 1030px\"  title=\"planung3\" ><div class='aviaccordion-preview '><\/div><img decoding=\"async\" width=\"1210\" height=\"423\" data-src=\"https:\/\/suesin-dienstleistung.de\/wp-content\/uploads\/2021\/04\/planung3-1210x423.jpg\" class=\"aviaccordion-image lazyload\" alt=\"\" src=\"data:image\/svg+xml;base64,PHN2ZyB3aWR0aD0iMSIgaGVpZ2h0PSIxIiB4bWxucz0iaHR0cDovL3d3dy53My5vcmcvMjAwMC9zdmciPjwvc3ZnPg==\" style=\"--smush-placeholder-width: 1210px; --smush-placeholder-aspect-ratio: 1210\/423;\" \/><\/a><\/li><li class='aviaccordion-slide av-knahmy95-14438a70078f1d8f96899bfa3a4897ef__2 aviaccordion-slide-3' data-av-left='50'  itemscope=\"itemscope\" itemtype=\"https:\/\/schema.org\/CreativeWork\" ><a class='aviaccordion-slide-link noHover' href=\"https:\/\/suesin-dienstleistung.de\/wp-content\/uploads\/2021\/04\/planung2.png\" data-srcset=\"https:\/\/suesin-dienstleistung.de\/wp-content\/uploads\/2021\/04\/planung2.png 500w, https:\/\/suesin-dienstleistung.de\/wp-content\/uploads\/2021\/04\/planung2-300x185.png 300w\" data-sizes=\"(max-width: 500px) 100vw, 500px\"  title=\"planung2\" ><div class='aviaccordion-preview '><\/div><img decoding=\"async\" width=\"500\" height=\"309\" data-src=\"https:\/\/suesin-dienstleistung.de\/wp-content\/uploads\/2021\/04\/planung2.png\" class=\"aviaccordion-image lazyload\" alt=\"\" data-srcset=\"https:\/\/suesin-dienstleistung.de\/wp-content\/uploads\/2021\/04\/planung2.png 500w, https:\/\/suesin-dienstleistung.de\/wp-content\/uploads\/2021\/04\/planung2-300x185.png 300w\" data-sizes=\"(max-width: 500px) 100vw, 500px\" src=\"data:image\/svg+xml;base64,PHN2ZyB3aWR0aD0iMSIgaGVpZ2h0PSIxIiB4bWxucz0iaHR0cDovL3d3dy53My5vcmcvMjAwMC9zdmciPjwvc3ZnPg==\" style=\"--smush-placeholder-width: 500px; --smush-placeholder-aspect-ratio: 500\/309;\" \/><\/a><\/li><li class='aviaccordion-slide av-knahmy95-14438a70078f1d8f96899bfa3a4897ef__3 aviaccordion-slide-4' data-av-left='75'  itemscope=\"itemscope\" itemtype=\"https:\/\/schema.org\/CreativeWork\" ><a class='aviaccordion-slide-link noHover' href=\"https:\/\/suesin-dienstleistung.de\/wp-content\/uploads\/2021\/04\/planung-1030x622.png\" data-srcset=\"https:\/\/suesin-dienstleistung.de\/wp-content\/uploads\/2021\/04\/planung-1030x622.png 1030w, https:\/\/suesin-dienstleistung.de\/wp-content\/uploads\/2021\/04\/planung-300x181.png 300w, https:\/\/suesin-dienstleistung.de\/wp-content\/uploads\/2021\/04\/planung-768x464.png 768w, https:\/\/suesin-dienstleistung.de\/wp-content\/uploads\/2021\/04\/planung-705x426.png 705w, https:\/\/suesin-dienstleistung.de\/wp-content\/uploads\/2021\/04\/planung.png 1216w\" data-sizes=\"(max-width: 1030px) 100vw, 1030px\"  title=\"planung\" ><div class='aviaccordion-preview '><\/div><img decoding=\"async\" width=\"1210\" height=\"423\" data-src=\"https:\/\/suesin-dienstleistung.de\/wp-content\/uploads\/2021\/04\/planung-1210x423.png\" class=\"aviaccordion-image lazyload\" alt=\"\" src=\"data:image\/svg+xml;base64,PHN2ZyB3aWR0aD0iMSIgaGVpZ2h0PSIxIiB4bWxucz0iaHR0cDovL3d3dy53My5vcmcvMjAwMC9zdmciPjwvc3ZnPg==\" style=\"--smush-placeholder-width: 1210px; --smush-placeholder-aspect-ratio: 1210\/423;\" \/><\/a><\/li><\/ul><div class='aviaccordion-spacer' style='padding-bottom:34.958677686%'><\/div><\/div>\n\n<style type=\"text\/css\" data-created_by=\"avia_inline_auto\" id=\"style-css-av-knejd2qs-55f8a344640f73b1d3f16c2fef7903a7\">\n#top .av-special-heading.av-knejd2qs-55f8a344640f73b1d3f16c2fef7903a7{\npadding-bottom:10px;\n}\nbody .av-special-heading.av-knejd2qs-55f8a344640f73b1d3f16c2fef7903a7 .av-special-heading-tag .heading-char{\nfont-size:25px;\n}\n.av-special-heading.av-knejd2qs-55f8a344640f73b1d3f16c2fef7903a7 .av-subheading{\nfont-size:15px;\n}\n<\/style>\n<div  class='av-special-heading av-knejd2qs-55f8a344640f73b1d3f16c2fef7903a7 av-special-heading-h2 blockquote modern-quote  avia-builder-el-1  el_after_av_slideshow_accordion  el_before_av_hr  avia-builder-el-first '><h2 class='av-special-heading-tag'  itemprop=\"headline\"  >Gartengestaltung<\/h2><div class='av-subheading av-subheading_below'><p>Ideen und Planung<\/p>\n<\/div><div class=\"special-heading-border\"><div class=\"special-heading-inner-border\"><\/div><\/div><\/div>\n<div  class='hr av-achug-353bdc6aeb7af2df312083aff853c0f9 hr-default  avia-builder-el-2  el_after_av_heading  el_before_av_textblock '><span class='hr-inner '><span class=\"hr-inner-style\"><\/span><\/span><\/div>\n<section  class='av_textblock_section av-knahl0v9-d73d2c9b95e784cc5757dee238b27830'  itemscope=\"itemscope\" itemtype=\"https:\/\/schema.org\/CreativeWork\" ><div class='avia_textblock'  itemprop=\"text\" ><div class=\"font-italic font-weight-bold margin-bottom-20\">\n<h3><strong>Designprozess<\/strong><\/h3>\n<\/div>\n<p>Alles zu entwerfen ist ein Prozess.\u00a0Zun\u00e4chst muss man wissen, was sie wollen, was nicht immer im Vordergrund steht.\u00a0Beim ersten Beratungsgespr\u00e4ch, das immer kostenlos ist, verwende ich einen Kundenfragebogen, den ich im Laufe der Jahre entwickelt habe, um den Prozess zu starten.<\/p>\n<p>Der Kundenfragebogen erm\u00f6glicht es dem Kunden, dar\u00fcber nachzudenken, was er m\u00f6chte, wie er lebt, welche Werte er hat und welche Art von Gartenstil er mag, wie z. B. Cottage Garden.\u00a0Zen-Garten oder ein zeitgen\u00f6ssischer Garten oder andere.<\/p>\n<p>M\u00f6chte der Kunde die Umwelt sch\u00fctzen und Wasser sparen, indem er Regenwassernutzungstechniken und einheimische Pflanzungen einsetzt?\u00a0Wollen sie wild lebende Tiere sch\u00fctzen und f\u00fcr sie sorgen, indem sie Lebensr\u00e4ume f\u00fcr wild lebende Tiere schaffen?\u00a0W\u00e4hrend dieses Meetings gibt es viel zu beachten, aber das Ergebnis ist ein klares Bild dessen, was der Kunde will.<\/p>\n<div class=\"font-italic font-weight-bold margin-bottom-20\">\n<h3><strong>Komplettes Designpaket<\/strong><\/h3>\n<\/div>\n<p class=\"margin-bottom-30 black\" align=\"justify\">Dem Kunden wird ein vollst\u00e4ndiges Entwurfspaket mit Pflanzenmateriallisten, Baudokumenten und Pflanzplan zur Verf\u00fcgung gestellt, auf das er sich f\u00fcr die kommenden Jahre beziehen kann.<\/p>\n<div class=\"font-italic font-weight-bold margin-bottom-20\">\n<h3><strong>Kundendienst<\/strong><\/h3>\n<\/div>\n<p class=\"margin-bottom-30 black\" align=\"justify\">Der Kundenservice steht ganz oben auf meiner Liste und der wichtigste Service, den ich anbiete.\u00a0Die enge Zusammenarbeit mit dem Kunden, um seine Bed\u00fcrfnisse zu verstehen und ihm zu helfen, alle verf\u00fcgbaren Optionen zur Verwirklichung seiner Vision zu nutzen, ist f\u00fcr meinen Fokus auf den Kundenservice von entscheidender Bedeutung.<\/p>\n<div class=\"font-italic font-weight-bold margin-bottom-20\">\n<h3><strong>Follow-up-Service<\/strong><\/h3>\n<\/div>\n<p class=\"margin-bottom-30 black\" align=\"justify\">Die meisten Pflanzen brauchen zwei bis drei Jahre, um sich vollst\u00e4ndig zu etablieren.\u00a0F\u00fcr das erste Jahr, das kritischste, biete ich einen Follow-up-Service an, um die Anlagen zu \u00fcberpr\u00fcfen, Informationen bereitzustellen und eventuell auftretende Fragen zu beantworten.<\/p>\n<div class=\"clearfix\"><\/div>\n<\/div><\/section>\n<div  class='hr av-dplew-fd91d922d12aaf89a0483454f6cb76b4 hr-default  avia-builder-el-4  el_after_av_textblock  el_before_av_one_full '><span class='hr-inner '><span class=\"hr-inner-style\"><\/span><\/span><\/div>\n\n<style type=\"text\/css\" data-created_by=\"avia_inline_auto\" id=\"style-css-av-atk1k-c0d2e656ee664e74911cc4351d89fec9\">\n.flex_column.av-atk1k-c0d2e656ee664e74911cc4351d89fec9{\nborder-radius:0px 0px 0px 0px;\n-webkit-border-radius:0px 0px 0px 0px;\n-moz-border-radius:0px 0px 0px 0px;\n}\n<\/style>\n<div class='flex_column av-atk1k-c0d2e656ee664e74911cc4351d89fec9 av_one_full  avia-builder-el-5  el_after_av_hr  avia-builder-el-last  first flex_column_div av-zero-column-padding '   ><section  class='av_textblock_section av-knbohwin-3f0a31d89dcb97f8e8d2ddb91bd33829'  itemscope=\"itemscope\" itemtype=\"https:\/\/schema.org\/CreativeWork\" ><div class='avia_textblock'  itemprop=\"text\" ><h2 id=\"cc-m-header-7553367561\" style=\"text-align: center;\"><span style=\"vertical-align: inherit;\"><span style=\"vertical-align: inherit;\"><span style=\"vertical-align: inherit;\"><span style=\"vertical-align: inherit;\">HABEN WIR IHR INTERESSE GEWECKT? DANN KONTAKTIEREN SIE UNS!<\/span><\/span><\/span><\/span><\/h2>\n<\/div><\/section><br \/>\n<div  class='avia-button-wrap avia-button-center  avia-builder-el-7  el_after_av_textblock  avia-builder-el-last ' ><a href='https:\/\/suesin-dienstleistung.de\/?page_id=83'  class='avia-button av-knbojcm4-be5228819fe8649cd9a709120bc682e1 avia-icon_select-no avia-size-large avia-position-center avia-color-theme-color' ><span class='avia_iconbox_title' >HIER KLICKEN<\/span><\/a><\/div><\/p><\/div>\n","protected":false},"excerpt":{"rendered":"","protected":false},"author":1,"featured_media":0,"parent":180,"menu_order":2,"comment_status":"closed","ping_status":"closed","template":"","meta":{"footnotes":""},"class_list":["post-160","page","type-page","status-publish","hentry"],"yoast_head":"<!-- This site is optimized with the Yoast SEO plugin v27.3 - https:\/\/yoast.com\/product\/yoast-seo-wordpress\/ -->\n<title>Gartengestaltung &#187; S\u00fcsin-Dienstleistung<\/title>\n<meta name=\"robots\" content=\"index, follow, max-snippet:-1, max-image-preview:large, max-video-preview:-1\" \/>\n<link rel=\"canonical\" href=\"https:\/\/suesin-dienstleistung.de\/?page_id=160\" \/>\n<meta property=\"og:locale\" content=\"de_DE\" \/>\n<meta property=\"og:type\" content=\"article\" \/>\n<meta property=\"og:title\" content=\"Gartengestaltung &#187; S\u00fcsin-Dienstleistung\" \/>\n<meta property=\"og:url\" content=\"https:\/\/suesin-dienstleistung.de\/?page_id=160\" \/>\n<meta property=\"og:site_name\" content=\"S\u00fcsin-Dienstleistung\" \/>\n<meta property=\"article:modified_time\" content=\"2021-04-12T11:52:17+00:00\" \/>\n<meta name=\"twitter:card\" content=\"summary_large_image\" \/>\n<meta name=\"twitter:label1\" content=\"Gesch\u00e4tzte Lesezeit\" \/>\n\t<meta name=\"twitter:data1\" content=\"2\u00a0Minuten\" \/>\n<script type=\"application\/ld+json\" class=\"yoast-schema-graph\">{\"@context\":\"https:\\\/\\\/schema.org\",\"@graph\":[{\"@type\":\"WebPage\",\"@id\":\"https:\\\/\\\/suesin-dienstleistung.de\\\/?page_id=160\",\"url\":\"https:\\\/\\\/suesin-dienstleistung.de\\\/?page_id=160\",\"name\":\"Gartengestaltung &#187; S\u00fcsin-Dienstleistung\",\"isPartOf\":{\"@id\":\"https:\\\/\\\/suesin-dienstleistung.de\\\/#website\"},\"datePublished\":\"2021-04-09T15:57:27+00:00\",\"dateModified\":\"2021-04-12T11:52:17+00:00\",\"breadcrumb\":{\"@id\":\"https:\\\/\\\/suesin-dienstleistung.de\\\/?page_id=160#breadcrumb\"},\"inLanguage\":\"de\",\"potentialAction\":[{\"@type\":\"ReadAction\",\"target\":[\"https:\\\/\\\/suesin-dienstleistung.de\\\/?page_id=160\"]}]},{\"@type\":\"BreadcrumbList\",\"@id\":\"https:\\\/\\\/suesin-dienstleistung.de\\\/?page_id=160#breadcrumb\",\"itemListElement\":[{\"@type\":\"ListItem\",\"position\":1,\"name\":\"Startseite\",\"item\":\"https:\\\/\\\/suesin-dienstleistung.de\\\/?page_id=79\"},{\"@type\":\"ListItem\",\"position\":2,\"name\":\"Leistungen\",\"item\":\"https:\\\/\\\/suesin-dienstleistung.de\\\/?page_id=180\"},{\"@type\":\"ListItem\",\"position\":3,\"name\":\"Gartengestaltung\"}]},{\"@type\":\"WebSite\",\"@id\":\"https:\\\/\\\/suesin-dienstleistung.de\\\/#website\",\"url\":\"https:\\\/\\\/suesin-dienstleistung.de\\\/\",\"name\":\"Garten-Service S\u00fcsin\",\"description\":\"aus Erlensee\",\"publisher\":{\"@id\":\"https:\\\/\\\/suesin-dienstleistung.de\\\/#organization\"},\"potentialAction\":[{\"@type\":\"SearchAction\",\"target\":{\"@type\":\"EntryPoint\",\"urlTemplate\":\"https:\\\/\\\/suesin-dienstleistung.de\\\/?s={search_term_string}\"},\"query-input\":{\"@type\":\"PropertyValueSpecification\",\"valueRequired\":true,\"valueName\":\"search_term_string\"}}],\"inLanguage\":\"de\"},{\"@type\":\"Organization\",\"@id\":\"https:\\\/\\\/suesin-dienstleistung.de\\\/#organization\",\"name\":\"S\u00fcsin-Dienstleistung\",\"alternateName\":\"S\u00fcsin-Dienstleistung\",\"url\":\"https:\\\/\\\/suesin-dienstleistung.de\\\/\",\"logo\":{\"@type\":\"ImageObject\",\"inLanguage\":\"de\",\"@id\":\"https:\\\/\\\/suesin-dienstleistung.de\\\/#\\\/schema\\\/logo\\\/image\\\/\",\"url\":\"https:\\\/\\\/suesin-dienstleistung.de\\\/wp-content\\\/uploads\\\/2021\\\/04\\\/1.png\",\"contentUrl\":\"https:\\\/\\\/suesin-dienstleistung.de\\\/wp-content\\\/uploads\\\/2021\\\/04\\\/1.png\",\"width\":289,\"height\":279,\"caption\":\"S\u00fcsin-Dienstleistung\"},\"image\":{\"@id\":\"https:\\\/\\\/suesin-dienstleistung.de\\\/#\\\/schema\\\/logo\\\/image\\\/\"}}]}<\/script>\n<!-- \/ Yoast SEO plugin. -->","yoast_head_json":{"title":"Gartengestaltung &#187; S\u00fcsin-Dienstleistung","robots":{"index":"index","follow":"follow","max-snippet":"max-snippet:-1","max-image-preview":"max-image-preview:large","max-video-preview":"max-video-preview:-1"},"canonical":"https:\/\/suesin-dienstleistung.de\/?page_id=160","og_locale":"de_DE","og_type":"article","og_title":"Gartengestaltung &#187; S\u00fcsin-Dienstleistung","og_url":"https:\/\/suesin-dienstleistung.de\/?page_id=160","og_site_name":"S\u00fcsin-Dienstleistung","article_modified_time":"2021-04-12T11:52:17+00:00","twitter_card":"summary_large_image","twitter_misc":{"Gesch\u00e4tzte Lesezeit":"2\u00a0Minuten"},"schema":{"@context":"https:\/\/schema.org","@graph":[{"@type":"WebPage","@id":"https:\/\/suesin-dienstleistung.de\/?page_id=160","url":"https:\/\/suesin-dienstleistung.de\/?page_id=160","name":"Gartengestaltung &#187; S\u00fcsin-Dienstleistung","isPartOf":{"@id":"https:\/\/suesin-dienstleistung.de\/#website"},"datePublished":"2021-04-09T15:57:27+00:00","dateModified":"2021-04-12T11:52:17+00:00","breadcrumb":{"@id":"https:\/\/suesin-dienstleistung.de\/?page_id=160#breadcrumb"},"inLanguage":"de","potentialAction":[{"@type":"ReadAction","target":["https:\/\/suesin-dienstleistung.de\/?page_id=160"]}]},{"@type":"BreadcrumbList","@id":"https:\/\/suesin-dienstleistung.de\/?page_id=160#breadcrumb","itemListElement":[{"@type":"ListItem","position":1,"name":"Startseite","item":"https:\/\/suesin-dienstleistung.de\/?page_id=79"},{"@type":"ListItem","position":2,"name":"Leistungen","item":"https:\/\/suesin-dienstleistung.de\/?page_id=180"},{"@type":"ListItem","position":3,"name":"Gartengestaltung"}]},{"@type":"WebSite","@id":"https:\/\/suesin-dienstleistung.de\/#website","url":"https:\/\/suesin-dienstleistung.de\/","name":"Garten-Service S\u00fcsin","description":"aus Erlensee","publisher":{"@id":"https:\/\/suesin-dienstleistung.de\/#organization"},"potentialAction":[{"@type":"SearchAction","target":{"@type":"EntryPoint","urlTemplate":"https:\/\/suesin-dienstleistung.de\/?s={search_term_string}"},"query-input":{"@type":"PropertyValueSpecification","valueRequired":true,"valueName":"search_term_string"}}],"inLanguage":"de"},{"@type":"Organization","@id":"https:\/\/suesin-dienstleistung.de\/#organization","name":"S\u00fcsin-Dienstleistung","alternateName":"S\u00fcsin-Dienstleistung","url":"https:\/\/suesin-dienstleistung.de\/","logo":{"@type":"ImageObject","inLanguage":"de","@id":"https:\/\/suesin-dienstleistung.de\/#\/schema\/logo\/image\/","url":"https:\/\/suesin-dienstleistung.de\/wp-content\/uploads\/2021\/04\/1.png","contentUrl":"https:\/\/suesin-dienstleistung.de\/wp-content\/uploads\/2021\/04\/1.png","width":289,"height":279,"caption":"S\u00fcsin-Dienstleistung"},"image":{"@id":"https:\/\/suesin-dienstleistung.de\/#\/schema\/logo\/image\/"}}]}},"_links":{"self":[{"href":"https:\/\/suesin-dienstleistung.de\/index.php?rest_route=\/wp\/v2\/pages\/160","targetHints":{"allow":["GET"]}}],"collection":[{"href":"https:\/\/suesin-dienstleistung.de\/index.php?rest_route=\/wp\/v2\/pages"}],"about":[{"href":"https:\/\/suesin-dienstleistung.de\/index.php?rest_route=\/wp\/v2\/types\/page"}],"author":[{"embeddable":true,"href":"https:\/\/suesin-dienstleistung.de\/index.php?rest_route=\/wp\/v2\/users\/1"}],"replies":[{"embeddable":true,"href":"https:\/\/suesin-dienstleistung.de\/index.php?rest_route=%2Fwp%2Fv2%2Fcomments&post=160"}],"version-history":[{"count":10,"href":"https:\/\/suesin-dienstleistung.de\/index.php?rest_route=\/wp\/v2\/pages\/160\/revisions"}],"predecessor-version":[{"id":265,"href":"https:\/\/suesin-dienstleistung.de\/index.php?rest_route=\/wp\/v2\/pages\/160\/revisions\/265"}],"up":[{"embeddable":true,"href":"https:\/\/suesin-dienstleistung.de\/index.php?rest_route=\/wp\/v2\/pages\/180"}],"wp:attachment":[{"href":"https:\/\/suesin-dienstleistung.de\/index.php?rest_route=%2Fwp%2Fv2%2Fmedia&parent=160"}],"curies":[{"name":"wp","href":"https:\/\/api.w.org\/{rel}","templated":true}]}}