{"id":180,"date":"2021-04-09T18:02:46","date_gmt":"2021-04-09T16:02:46","guid":{"rendered":"http:\/\/suesin-gartenservice.de\/?page_id=180"},"modified":"2026-03-12T17:42:28","modified_gmt":"2026-03-12T16:42:28","slug":"leistungen","status":"publish","type":"page","link":"https:\/\/suesin-dienstleistung.de\/?page_id=180","title":{"rendered":"Leistungen"},"content":{"rendered":"\n<style type=\"text\/css\" data-created_by=\"avia_inline_auto\" id=\"style-css-av-deff8-9fa3a3f3e5c2e3961676898368b0de8c\">\n#top .av-special-heading.av-deff8-9fa3a3f3e5c2e3961676898368b0de8c{\npadding-bottom:10px;\n}\nbody .av-special-heading.av-deff8-9fa3a3f3e5c2e3961676898368b0de8c .av-special-heading-tag .heading-char{\nfont-size:25px;\n}\n.av-special-heading.av-deff8-9fa3a3f3e5c2e3961676898368b0de8c .av-subheading{\nfont-size:15px;\n}\n<\/style>\n<div  class='av-special-heading av-deff8-9fa3a3f3e5c2e3961676898368b0de8c av-special-heading-h1 blockquote modern-quote  avia-builder-el-0  el_before_av_hr  avia-builder-el-first '><h1 class='av-special-heading-tag'  itemprop=\"headline\"  >Unsere Leistungen<\/h1><div class=\"special-heading-border\"><div class=\"special-heading-inner-border\"><\/div><\/div><\/div>\n<div  class='hr av-8cy8s-fb2c649890e130f361b937faa3feb376 hr-default  avia-builder-el-1  el_after_av_heading  el_before_av_one_fourth '><span class='hr-inner '><span class=\"hr-inner-style\"><\/span><\/span><\/div>\n\n<style type=\"text\/css\" data-created_by=\"avia_inline_auto\" id=\"style-css-av-6boqr-aaaa6effbac637056b6638f6c1231c39\">\n.flex_column.av-6boqr-aaaa6effbac637056b6638f6c1231c39{\nborder-radius:0px 0px 0px 0px;\n-webkit-border-radius:0px 0px 0px 0px;\n-moz-border-radius:0px 0px 0px 0px;\n}\n<\/style>\n<div class='flex_column av-6boqr-aaaa6effbac637056b6638f6c1231c39 av_one_fourth  avia-builder-el-2  el_after_av_hr  el_before_av_one_fourth  first flex_column_div av-zero-column-padding '   ><p>\n<style type=\"text\/css\" data-created_by=\"avia_inline_auto\" id=\"style-css-av-kn93t1y2-3cfc0c37127072ef82d97c7f4ec8f244\">\n.avia-image-container.av-kn93t1y2-3cfc0c37127072ef82d97c7f4ec8f244 .av-image-caption-overlay-center{\ncolor:#ffffff;\n}\n<\/style>\n<div  class='avia-image-container av-kn93t1y2-3cfc0c37127072ef82d97c7f4ec8f244 av-styling- av-hover-grow avia_animated_image avia_animate_when_almost_visible av-rotateIn avia-align-center  avia-builder-el-3  el_before_av_textblock  avia-builder-el-first '  itemprop=\"image\" itemscope=\"itemscope\" itemtype=\"https:\/\/schema.org\/ImageObject\" ><div class=\"avia-image-container-inner\"><div class=\"avia-image-overlay-wrap\"><img decoding=\"async\" class='wp-image-99 avia-img-lazy-loading-99 avia_image lazyload' data-src=\"https:\/\/suesin-dienstleistung.de\/wp-content\/uploads\/2021\/04\/4-495x400.jpg\" alt='' title='4'  height=\"400\" width=\"495\"  itemprop=\"thumbnailUrl\" src=\"data:image\/svg+xml;base64,PHN2ZyB3aWR0aD0iMSIgaGVpZ2h0PSIxIiB4bWxucz0iaHR0cDovL3d3dy53My5vcmcvMjAwMC9zdmciPjwvc3ZnPg==\" style=\"--smush-placeholder-width: 495px; --smush-placeholder-aspect-ratio: 495\/400;\" \/><\/div><\/div><\/div><br \/>\n<section  class='av_textblock_section av-kn93vd92-6938dd23b6964d58243b04ad1e07b828'  itemscope=\"itemscope\" itemtype=\"https:\/\/schema.org\/CreativeWork\" ><div class='avia_textblock'  itemprop=\"text\" ><h3 class=\"title\">Rasen- und Gartenpflege<\/h3>\n<p class=\"title\">Wir verstehen, dass Ihre Immobilie eine gro\u00dfe Investition ist, und wir m\u00f6chten, dass unsere Kunden wissen, dass wir f\u00fcr sie da sind, um ihnen zu helfen, die Tr\u00e4ume zu verwirklichen, die sie m\u00f6glicherweise f\u00fcr sie haben &#8230;<\/p>\n<h6 class=\"title\"><a href=\"https:\/\/suesin-gartenservice.de\/leistungen\/rasen-und-gartenpflege\/\">WEITERLESEN ><\/a><\/h6>\n<\/div><\/section><\/p><\/div>\n\n<style type=\"text\/css\" data-created_by=\"avia_inline_auto\" id=\"style-css-av-5mxoz-c32d3ed78a1e304aee0497274740572b\">\n.flex_column.av-5mxoz-c32d3ed78a1e304aee0497274740572b{\nborder-radius:0px 0px 0px 0px;\n-webkit-border-radius:0px 0px 0px 0px;\n-moz-border-radius:0px 0px 0px 0px;\n}\n<\/style>\n<div class='flex_column av-5mxoz-c32d3ed78a1e304aee0497274740572b av_one_fourth  avia-builder-el-5  el_after_av_one_fourth  el_before_av_one_fourth  flex_column_div av-zero-column-padding '   ><p>\n<style type=\"text\/css\" data-created_by=\"avia_inline_auto\" id=\"style-css-av-kn93t1y2-5ec1eaf3caeb8f92bf3850f06a2f3b5c\">\n.avia-image-container.av-kn93t1y2-5ec1eaf3caeb8f92bf3850f06a2f3b5c .av-image-caption-overlay-center{\ncolor:#ffffff;\n}\n<\/style>\n<div  class='avia-image-container av-kn93t1y2-5ec1eaf3caeb8f92bf3850f06a2f3b5c av-styling- av-hover-grow avia_animated_image avia_animate_when_almost_visible av-rotateIn avia-align-center  avia-builder-el-6  el_before_av_textblock  avia-builder-el-first '  itemprop=\"image\" itemscope=\"itemscope\" itemtype=\"https:\/\/schema.org\/ImageObject\" ><div class=\"avia-image-container-inner\"><div class=\"avia-image-overlay-wrap\"><img decoding=\"async\" class='wp-image-196 avia-img-lazy-loading-196 avia_image lazyload' data-src=\"https:\/\/suesin-dienstleistung.de\/wp-content\/uploads\/2021\/04\/landsbau-495x400.jpg\" alt='' title='landsbau'  height=\"400\" width=\"495\"  itemprop=\"thumbnailUrl\" data-srcset=\"https:\/\/suesin-dienstleistung.de\/wp-content\/uploads\/2021\/04\/landsbau-495x400.jpg 495w, https:\/\/suesin-dienstleistung.de\/wp-content\/uploads\/2021\/04\/landsbau-845x684.jpg 845w\" data-sizes=\"(max-width: 495px) 100vw, 495px\" src=\"data:image\/svg+xml;base64,PHN2ZyB3aWR0aD0iMSIgaGVpZ2h0PSIxIiB4bWxucz0iaHR0cDovL3d3dy53My5vcmcvMjAwMC9zdmciPjwvc3ZnPg==\" style=\"--smush-placeholder-width: 495px; --smush-placeholder-aspect-ratio: 495\/400;\" \/><\/div><\/div><\/div><br \/>\n<section  class='av_textblock_section av-kn93vd92-6938dd23b6964d58243b04ad1e07b828'  itemscope=\"itemscope\" itemtype=\"https:\/\/schema.org\/CreativeWork\" ><div class='avia_textblock'  itemprop=\"text\" ><h3 class=\"title\">Landschaftsbau<\/h3>\n<p class=\"title\">Der Beginn eines gro\u00dfartig aussehenden Gartens, unabh\u00e4ngig davon, ob es sich um den Hinterhof oder den Vorgarten handelt, beginnt mit der Struktur.\u00a0Wir bauen St\u00fctzmauern, Terrassen, Au\u00dfenkamine &#8230;<\/p>\n<h6 class=\"title\"><a href=\"https:\/\/suesin-gartenservice.de\/leistungen\/garten-und-landschaftsbau\/\">WEITERLESEN ><\/a><\/h6>\n<\/div><\/section><\/p><\/div>\n\n<style type=\"text\/css\" data-created_by=\"avia_inline_auto\" id=\"style-css-av-4y6kf-7421a440c65d204dd84ee9cd0f40199c\">\n.flex_column.av-4y6kf-7421a440c65d204dd84ee9cd0f40199c{\nborder-radius:0px 0px 0px 0px;\n-webkit-border-radius:0px 0px 0px 0px;\n-moz-border-radius:0px 0px 0px 0px;\n}\n<\/style>\n<div class='flex_column av-4y6kf-7421a440c65d204dd84ee9cd0f40199c av_one_fourth  avia-builder-el-8  el_after_av_one_fourth  el_before_av_one_fourth  flex_column_div av-zero-column-padding '   ><p>\n<style type=\"text\/css\" data-created_by=\"avia_inline_auto\" id=\"style-css-av-kn93t1y2-cbaf84e00c7a4e439923749f601799fb\">\n.avia-image-container.av-kn93t1y2-cbaf84e00c7a4e439923749f601799fb .av-image-caption-overlay-center{\ncolor:#ffffff;\n}\n<\/style>\n<div  class='avia-image-container av-kn93t1y2-cbaf84e00c7a4e439923749f601799fb av-styling- av-hover-grow avia_animated_image avia_animate_when_almost_visible av-rotateIn avia-align-center  avia-builder-el-9  el_before_av_textblock  avia-builder-el-first '  itemprop=\"image\" itemscope=\"itemscope\" itemtype=\"https:\/\/schema.org\/ImageObject\" ><div class=\"avia-image-container-inner\"><div class=\"avia-image-overlay-wrap\"><img decoding=\"async\" class='wp-image-101 avia-img-lazy-loading-101 avia_image lazyload' data-src=\"https:\/\/suesin-dienstleistung.de\/wp-content\/uploads\/2021\/04\/6-495x400.jpg\" alt='' title='6'  height=\"400\" width=\"495\"  itemprop=\"thumbnailUrl\" src=\"data:image\/svg+xml;base64,PHN2ZyB3aWR0aD0iMSIgaGVpZ2h0PSIxIiB4bWxucz0iaHR0cDovL3d3dy53My5vcmcvMjAwMC9zdmciPjwvc3ZnPg==\" style=\"--smush-placeholder-width: 495px; --smush-placeholder-aspect-ratio: 495\/400;\" \/><\/div><\/div><\/div><br \/>\n<section  class='av_textblock_section av-kn93vd92-6938dd23b6964d58243b04ad1e07b828'  itemscope=\"itemscope\" itemtype=\"https:\/\/schema.org\/CreativeWork\" ><div class='avia_textblock'  itemprop=\"text\" ><h3>Gartenpflege-Service<\/h3>\n<p class=\"title\">W\u00e4hrend das Entfernen von B\u00e4umen das letzte Mittel ist, ist es manchmal am notwendigsten. Kranke B\u00e4ume, B\u00e4ume, die B\u00fcrgersteige entwurzeln, Risse im Fundament verursachen, Abwasserleitungen st\u00f6ren, &#8230;<\/p>\n<h6 class=\"title\"><a href=\"https:\/\/suesin-gartenservice.de\/leistungen\/gartenpflege-service\/\">WEITERLESEN ><\/a><\/h6>\n<\/div><\/section><\/p><\/div>\n\n<style type=\"text\/css\" data-created_by=\"avia_inline_auto\" id=\"style-css-av-4y6kf-7421a440c65d204dd84ee9cd0f40199c\">\n.flex_column.av-4y6kf-7421a440c65d204dd84ee9cd0f40199c{\nborder-radius:0px 0px 0px 0px;\n-webkit-border-radius:0px 0px 0px 0px;\n-moz-border-radius:0px 0px 0px 0px;\n}\n<\/style>\n<div class='flex_column av-4y6kf-7421a440c65d204dd84ee9cd0f40199c av_one_fourth  avia-builder-el-11  el_after_av_one_fourth  el_before_av_heading  flex_column_div av-zero-column-padding '   ><p>\n<style type=\"text\/css\" data-created_by=\"avia_inline_auto\" id=\"style-css-av-kn93t1y2-25af7e9cac4cdfc5a1de46c16ea60378\">\n.avia-image-container.av-kn93t1y2-25af7e9cac4cdfc5a1de46c16ea60378 .av-image-caption-overlay-center{\ncolor:#ffffff;\n}\n<\/style>\n<div  class='avia-image-container av-kn93t1y2-25af7e9cac4cdfc5a1de46c16ea60378 av-styling- av-hover-grow avia_animated_image avia_animate_when_almost_visible av-rotateIn avia-align-center  avia-builder-el-12  el_before_av_textblock  avia-builder-el-first '  itemprop=\"image\" itemscope=\"itemscope\" itemtype=\"https:\/\/schema.org\/ImageObject\" ><div class=\"avia-image-container-inner\"><div class=\"avia-image-overlay-wrap\"><img decoding=\"async\" class='wp-image-107 avia-img-lazy-loading-107 avia_image lazyload' data-src=\"https:\/\/suesin-dienstleistung.de\/wp-content\/uploads\/2021\/04\/7-495x400.jpg\" alt='' title='7'  height=\"400\" width=\"495\"  itemprop=\"thumbnailUrl\" data-srcset=\"https:\/\/suesin-dienstleistung.de\/wp-content\/uploads\/2021\/04\/7-495x400.jpg 495w, https:\/\/suesin-dienstleistung.de\/wp-content\/uploads\/2021\/04\/7-845x684.jpg 845w\" data-sizes=\"(max-width: 495px) 100vw, 495px\" src=\"data:image\/svg+xml;base64,PHN2ZyB3aWR0aD0iMSIgaGVpZ2h0PSIxIiB4bWxucz0iaHR0cDovL3d3dy53My5vcmcvMjAwMC9zdmciPjwvc3ZnPg==\" style=\"--smush-placeholder-width: 495px; --smush-placeholder-aspect-ratio: 495\/400;\" \/><\/div><\/div><\/div><br \/>\n<section  class='av_textblock_section av-kn93vd92-6938dd23b6964d58243b04ad1e07b828'  itemscope=\"itemscope\" itemtype=\"https:\/\/schema.org\/CreativeWork\" ><div class='avia_textblock'  itemprop=\"text\" ><h3>Tr\u00f6pfchenbew\u00e4sserung<\/h3>\n<p>Tropfbew\u00e4sserung: Wie k\u00f6nnen Sie Ihren Garten bew\u00e4ssern und gleichzeitig Ressourcen sparen? In der Greenopathie verstehen wir den Wert von Wasser und es ist nicht nur in unserem Leben wichtig, sondern auch in Pflanzen, das ist &#8230;<\/p>\n<h6 class=\"title\"><a href=\"https:\/\/suesin-gartenservice.de\/leistungen\/troepfchenbewaesserung\/\">WEITERLESEN ><\/a><\/h6>\n<\/div><\/section><\/p><\/div>\n\n<style type=\"text\/css\" data-created_by=\"avia_inline_auto\" id=\"style-css-av-6uxss-ca84b02f4a88a9f2950fee013ac5fe43\">\n#top .av-special-heading.av-6uxss-ca84b02f4a88a9f2950fee013ac5fe43{\npadding-bottom:10px;\n}\nbody .av-special-heading.av-6uxss-ca84b02f4a88a9f2950fee013ac5fe43 .av-special-heading-tag .heading-char{\nfont-size:25px;\n}\n.av-special-heading.av-6uxss-ca84b02f4a88a9f2950fee013ac5fe43 .av-subheading{\nfont-size:15px;\n}\n<\/style>\n<div  class='av-special-heading av-6uxss-ca84b02f4a88a9f2950fee013ac5fe43 av-special-heading-h3  avia-builder-el-14  el_after_av_one_fourth  el_before_av_textblock '><h3 class='av-special-heading-tag'  itemprop=\"headline\"  >Unsere Spezialisierungen<\/h3><div class=\"special-heading-border\"><div class=\"special-heading-inner-border\"><\/div><\/div><\/div>\n<section  class='av_textblock_section av-knbqq5pc-9f76b817684dd5ec54751909e356d6f7'  itemscope=\"itemscope\" itemtype=\"https:\/\/schema.org\/CreativeWork\" ><div class='avia_textblock'  itemprop=\"text\" ><ul>\n<li>Anpflanzung<\/li>\n<li>Baumf\u00e4llung<\/li>\n<li>Baumpflege<\/li>\n<li>Bepflanzung<\/li>\n<li>Carportbau<\/li>\n<li>Gartenpflege<\/li>\n<li>Gartenumgestaltung<\/li>\n<li>Holzbau<\/li>\n<li>Naturstein arbeiten<\/li>\n<li>Natursteinverlegung<\/li>\n<li>Pflaster Arbeiten<\/li>\n<li>Rasenpflege<\/li>\n<li>Teichbau<\/li>\n<li>Zaunbau<\/li>\n<li>Winterdienst<\/li>\n<li>Hausmeisterservice<\/li>\n<\/ul>\n<\/div><\/section>\n<div  class='hr av-h280s-f7a2729a49e2c983a9b113a703a7e20a hr-default  avia-builder-el-16  el_after_av_textblock  el_before_av_one_full '><span class='hr-inner '><span class=\"hr-inner-style\"><\/span><\/span><\/div>\n\n<style type=\"text\/css\" data-created_by=\"avia_inline_auto\" id=\"style-css-av-9zi9o-081d43d25f5b75db47021211533358c6\">\n.flex_column.av-9zi9o-081d43d25f5b75db47021211533358c6{\nborder-radius:0px 0px 0px 0px;\n-webkit-border-radius:0px 0px 0px 0px;\n-moz-border-radius:0px 0px 0px 0px;\n}\n<\/style>\n<div class='flex_column av-9zi9o-081d43d25f5b75db47021211533358c6 av_one_full  avia-builder-el-17  el_after_av_hr  avia-builder-el-last  first flex_column_div av-zero-column-padding '   ><section  class='av_textblock_section av-knbohwin-3f0a31d89dcb97f8e8d2ddb91bd33829'  itemscope=\"itemscope\" itemtype=\"https:\/\/schema.org\/CreativeWork\" ><div class='avia_textblock'  itemprop=\"text\" ><h2 id=\"cc-m-header-7553367561\" style=\"text-align: center;\"><span style=\"vertical-align: inherit;\"><span style=\"vertical-align: inherit;\"><span style=\"vertical-align: inherit;\"><span style=\"vertical-align: inherit;\">HABEN WIR IHR INTERESSE GEWECKT? DANN KONTAKTIEREN SIE UNS!<\/span><\/span><\/span><\/span><\/h2>\n<\/div><\/section><br \/>\n<div  class='avia-button-wrap avia-button-center  avia-builder-el-19  el_after_av_textblock  avia-builder-el-last ' ><a href='https:\/\/suesin-dienstleistung.de\/?page_id=83'  class='avia-button av-knbojcm4-be5228819fe8649cd9a709120bc682e1 avia-icon_select-no avia-size-large avia-position-center avia-color-theme-color' ><span class='avia_iconbox_title' >HIER KLICKEN<\/span><\/a><\/div><\/p><\/div>\n","protected":false},"excerpt":{"rendered":"","protected":false},"author":1,"featured_media":0,"parent":0,"menu_order":3,"comment_status":"closed","ping_status":"closed","template":"","meta":{"footnotes":""},"class_list":["post-180","page","type-page","status-publish","hentry"],"yoast_head":"<!-- This site is optimized with the Yoast SEO plugin v27.3 - https:\/\/yoast.com\/product\/yoast-seo-wordpress\/ -->\n<title>Leistungen &#187; S\u00fcsin-Dienstleistung<\/title>\n<meta name=\"robots\" content=\"index, follow, max-snippet:-1, max-image-preview:large, max-video-preview:-1\" \/>\n<link rel=\"canonical\" href=\"https:\/\/suesin-dienstleistung.de\/?page_id=180\" \/>\n<meta property=\"og:locale\" content=\"de_DE\" \/>\n<meta property=\"og:type\" content=\"article\" \/>\n<meta property=\"og:title\" content=\"Leistungen &#187; S\u00fcsin-Dienstleistung\" \/>\n<meta property=\"og:url\" content=\"https:\/\/suesin-dienstleistung.de\/?page_id=180\" \/>\n<meta property=\"og:site_name\" content=\"S\u00fcsin-Dienstleistung\" \/>\n<meta property=\"article:modified_time\" content=\"2026-03-12T16:42:28+00:00\" \/>\n<meta name=\"twitter:card\" content=\"summary_large_image\" \/>\n<script type=\"application\/ld+json\" class=\"yoast-schema-graph\">{\"@context\":\"https:\\\/\\\/schema.org\",\"@graph\":[{\"@type\":\"WebPage\",\"@id\":\"https:\\\/\\\/suesin-dienstleistung.de\\\/?page_id=180\",\"url\":\"https:\\\/\\\/suesin-dienstleistung.de\\\/?page_id=180\",\"name\":\"Leistungen &#187; S\u00fcsin-Dienstleistung\",\"isPartOf\":{\"@id\":\"https:\\\/\\\/suesin-dienstleistung.de\\\/#website\"},\"datePublished\":\"2021-04-09T16:02:46+00:00\",\"dateModified\":\"2026-03-12T16:42:28+00:00\",\"breadcrumb\":{\"@id\":\"https:\\\/\\\/suesin-dienstleistung.de\\\/?page_id=180#breadcrumb\"},\"inLanguage\":\"de\",\"potentialAction\":[{\"@type\":\"ReadAction\",\"target\":[\"https:\\\/\\\/suesin-dienstleistung.de\\\/?page_id=180\"]}]},{\"@type\":\"BreadcrumbList\",\"@id\":\"https:\\\/\\\/suesin-dienstleistung.de\\\/?page_id=180#breadcrumb\",\"itemListElement\":[{\"@type\":\"ListItem\",\"position\":1,\"name\":\"Startseite\",\"item\":\"https:\\\/\\\/suesin-dienstleistung.de\\\/?page_id=79\"},{\"@type\":\"ListItem\",\"position\":2,\"name\":\"Leistungen\"}]},{\"@type\":\"WebSite\",\"@id\":\"https:\\\/\\\/suesin-dienstleistung.de\\\/#website\",\"url\":\"https:\\\/\\\/suesin-dienstleistung.de\\\/\",\"name\":\"Garten-Service S\u00fcsin\",\"description\":\"aus Erlensee\",\"publisher\":{\"@id\":\"https:\\\/\\\/suesin-dienstleistung.de\\\/#organization\"},\"potentialAction\":[{\"@type\":\"SearchAction\",\"target\":{\"@type\":\"EntryPoint\",\"urlTemplate\":\"https:\\\/\\\/suesin-dienstleistung.de\\\/?s={search_term_string}\"},\"query-input\":{\"@type\":\"PropertyValueSpecification\",\"valueRequired\":true,\"valueName\":\"search_term_string\"}}],\"inLanguage\":\"de\"},{\"@type\":\"Organization\",\"@id\":\"https:\\\/\\\/suesin-dienstleistung.de\\\/#organization\",\"name\":\"S\u00fcsin-Dienstleistung\",\"alternateName\":\"S\u00fcsin-Dienstleistung\",\"url\":\"https:\\\/\\\/suesin-dienstleistung.de\\\/\",\"logo\":{\"@type\":\"ImageObject\",\"inLanguage\":\"de\",\"@id\":\"https:\\\/\\\/suesin-dienstleistung.de\\\/#\\\/schema\\\/logo\\\/image\\\/\",\"url\":\"https:\\\/\\\/suesin-dienstleistung.de\\\/wp-content\\\/uploads\\\/2021\\\/04\\\/1.png\",\"contentUrl\":\"https:\\\/\\\/suesin-dienstleistung.de\\\/wp-content\\\/uploads\\\/2021\\\/04\\\/1.png\",\"width\":289,\"height\":279,\"caption\":\"S\u00fcsin-Dienstleistung\"},\"image\":{\"@id\":\"https:\\\/\\\/suesin-dienstleistung.de\\\/#\\\/schema\\\/logo\\\/image\\\/\"}}]}<\/script>\n<!-- \/ Yoast SEO plugin. -->","yoast_head_json":{"title":"Leistungen &#187; S\u00fcsin-Dienstleistung","robots":{"index":"index","follow":"follow","max-snippet":"max-snippet:-1","max-image-preview":"max-image-preview:large","max-video-preview":"max-video-preview:-1"},"canonical":"https:\/\/suesin-dienstleistung.de\/?page_id=180","og_locale":"de_DE","og_type":"article","og_title":"Leistungen &#187; S\u00fcsin-Dienstleistung","og_url":"https:\/\/suesin-dienstleistung.de\/?page_id=180","og_site_name":"S\u00fcsin-Dienstleistung","article_modified_time":"2026-03-12T16:42:28+00:00","twitter_card":"summary_large_image","schema":{"@context":"https:\/\/schema.org","@graph":[{"@type":"WebPage","@id":"https:\/\/suesin-dienstleistung.de\/?page_id=180","url":"https:\/\/suesin-dienstleistung.de\/?page_id=180","name":"Leistungen &#187; S\u00fcsin-Dienstleistung","isPartOf":{"@id":"https:\/\/suesin-dienstleistung.de\/#website"},"datePublished":"2021-04-09T16:02:46+00:00","dateModified":"2026-03-12T16:42:28+00:00","breadcrumb":{"@id":"https:\/\/suesin-dienstleistung.de\/?page_id=180#breadcrumb"},"inLanguage":"de","potentialAction":[{"@type":"ReadAction","target":["https:\/\/suesin-dienstleistung.de\/?page_id=180"]}]},{"@type":"BreadcrumbList","@id":"https:\/\/suesin-dienstleistung.de\/?page_id=180#breadcrumb","itemListElement":[{"@type":"ListItem","position":1,"name":"Startseite","item":"https:\/\/suesin-dienstleistung.de\/?page_id=79"},{"@type":"ListItem","position":2,"name":"Leistungen"}]},{"@type":"WebSite","@id":"https:\/\/suesin-dienstleistung.de\/#website","url":"https:\/\/suesin-dienstleistung.de\/","name":"Garten-Service S\u00fcsin","description":"aus Erlensee","publisher":{"@id":"https:\/\/suesin-dienstleistung.de\/#organization"},"potentialAction":[{"@type":"SearchAction","target":{"@type":"EntryPoint","urlTemplate":"https:\/\/suesin-dienstleistung.de\/?s={search_term_string}"},"query-input":{"@type":"PropertyValueSpecification","valueRequired":true,"valueName":"search_term_string"}}],"inLanguage":"de"},{"@type":"Organization","@id":"https:\/\/suesin-dienstleistung.de\/#organization","name":"S\u00fcsin-Dienstleistung","alternateName":"S\u00fcsin-Dienstleistung","url":"https:\/\/suesin-dienstleistung.de\/","logo":{"@type":"ImageObject","inLanguage":"de","@id":"https:\/\/suesin-dienstleistung.de\/#\/schema\/logo\/image\/","url":"https:\/\/suesin-dienstleistung.de\/wp-content\/uploads\/2021\/04\/1.png","contentUrl":"https:\/\/suesin-dienstleistung.de\/wp-content\/uploads\/2021\/04\/1.png","width":289,"height":279,"caption":"S\u00fcsin-Dienstleistung"},"image":{"@id":"https:\/\/suesin-dienstleistung.de\/#\/schema\/logo\/image\/"}}]}},"_links":{"self":[{"href":"https:\/\/suesin-dienstleistung.de\/index.php?rest_route=\/wp\/v2\/pages\/180","targetHints":{"allow":["GET"]}}],"collection":[{"href":"https:\/\/suesin-dienstleistung.de\/index.php?rest_route=\/wp\/v2\/pages"}],"about":[{"href":"https:\/\/suesin-dienstleistung.de\/index.php?rest_route=\/wp\/v2\/types\/page"}],"author":[{"embeddable":true,"href":"https:\/\/suesin-dienstleistung.de\/index.php?rest_route=\/wp\/v2\/users\/1"}],"replies":[{"embeddable":true,"href":"https:\/\/suesin-dienstleistung.de\/index.php?rest_route=%2Fwp%2Fv2%2Fcomments&post=180"}],"version-history":[{"count":7,"href":"https:\/\/suesin-dienstleistung.de\/index.php?rest_route=\/wp\/v2\/pages\/180\/revisions"}],"predecessor-version":[{"id":792,"href":"https:\/\/suesin-dienstleistung.de\/index.php?rest_route=\/wp\/v2\/pages\/180\/revisions\/792"}],"wp:attachment":[{"href":"https:\/\/suesin-dienstleistung.de\/index.php?rest_route=%2Fwp%2Fv2%2Fmedia&parent=180"}],"curies":[{"name":"wp","href":"https:\/\/api.w.org\/{rel}","templated":true}]}}