{"id":206,"date":"2021-04-10T14:30:33","date_gmt":"2021-04-10T12:30:33","guid":{"rendered":"http:\/\/suesin-gartenservice.de\/?page_id=206"},"modified":"2021-04-12T13:53:54","modified_gmt":"2021-04-12T11:53:54","slug":"garten-und-landschaftsbau","status":"publish","type":"page","link":"https:\/\/suesin-dienstleistung.de\/?page_id=206","title":{"rendered":"Garten-und Landschaftsbau"},"content":{"rendered":"\n<style type=\"text\/css\" data-created_by=\"avia_inline_auto\" id=\"style-css-av-knbptafo-fe5280eb207caab038d9c782d11676d7\">\n.avia-accordion.av-knbptafo-fe5280eb207caab038d9c782d11676d7{\nmax-height:430px;\n}\n.avia-accordion.av-knbptafo-fe5280eb207caab038d9c782d11676d7 .aviaccordion-preview{\nwidth:50.1%;\n}\n.avia-accordion .aviaccordion-slide.av-knbptafo-fe5280eb207caab038d9c782d11676d7__0{\nleft:0%;\n}\n.avia-accordion .aviaccordion-slide.av-knbptafo-fe5280eb207caab038d9c782d11676d7__1{\nleft:50%;\n}\n<\/style>\n<div  id=\"accordion_slider_1\"  class='aviaccordion avia-accordion av-knbptafo-fe5280eb207caab038d9c782d11676d7 aviaccordion-title-inactive ' data-av-maxheight='430' data-autoplay='false' data-interval='5'   itemscope=\"itemscope\" itemtype=\"https:\/\/schema.org\/Blog\" ><ul class=\"aviaccordion-inner\"><li class='aviaccordion-slide av-knbptafo-fe5280eb207caab038d9c782d11676d7__0 aviaccordion-slide-1' data-av-left='0'  itemscope=\"itemscope\" itemtype=\"https:\/\/schema.org\/CreativeWork\" ><a class='aviaccordion-slide-link noHover' href=\"https:\/\/suesin-dienstleistung.de\/wp-content\/uploads\/2021\/04\/landsbau-1-1030x522.jpg\" data-srcset=\"https:\/\/suesin-dienstleistung.de\/wp-content\/uploads\/2021\/04\/landsbau-1-1030x522.jpg 1030w, https:\/\/suesin-dienstleistung.de\/wp-content\/uploads\/2021\/04\/landsbau-1-300x152.jpg 300w, https:\/\/suesin-dienstleistung.de\/wp-content\/uploads\/2021\/04\/landsbau-1-768x389.jpg 768w, https:\/\/suesin-dienstleistung.de\/wp-content\/uploads\/2021\/04\/landsbau-1-705x358.jpg 705w, https:\/\/suesin-dienstleistung.de\/wp-content\/uploads\/2021\/04\/landsbau-1.jpg 1400w\" data-sizes=\"(max-width: 1030px) 100vw, 1030px\"  title=\"landsbau\" ><div class='aviaccordion-preview '><\/div><img decoding=\"async\" width=\"1400\" height=\"430\" data-src=\"https:\/\/suesin-dienstleistung.de\/wp-content\/uploads\/2021\/04\/landsbau-1-1400x430.jpg\" class=\"aviaccordion-image lazyload\" alt=\"\" src=\"data:image\/svg+xml;base64,PHN2ZyB3aWR0aD0iMSIgaGVpZ2h0PSIxIiB4bWxucz0iaHR0cDovL3d3dy53My5vcmcvMjAwMC9zdmciPjwvc3ZnPg==\" style=\"--smush-placeholder-width: 1400px; --smush-placeholder-aspect-ratio: 1400\/430;\" \/><\/a><\/li><li class='aviaccordion-slide av-knbptafo-fe5280eb207caab038d9c782d11676d7__1 aviaccordion-slide-2' data-av-left='50'  itemscope=\"itemscope\" itemtype=\"https:\/\/schema.org\/CreativeWork\" ><a class='aviaccordion-slide-link noHover' href=\"https:\/\/suesin-dienstleistung.de\/wp-content\/uploads\/2021\/04\/landsbau2-1030x640.jpg\" data-srcset=\"https:\/\/suesin-dienstleistung.de\/wp-content\/uploads\/2021\/04\/landsbau2-1030x640.jpg 1030w, https:\/\/suesin-dienstleistung.de\/wp-content\/uploads\/2021\/04\/landsbau2-300x186.jpg 300w, https:\/\/suesin-dienstleistung.de\/wp-content\/uploads\/2021\/04\/landsbau2-768x477.jpg 768w, https:\/\/suesin-dienstleistung.de\/wp-content\/uploads\/2021\/04\/landsbau2-705x438.jpg 705w, https:\/\/suesin-dienstleistung.de\/wp-content\/uploads\/2021\/04\/landsbau2.jpg 1500w\" data-sizes=\"(max-width: 1030px) 100vw, 1030px\"  title=\"landsbau2\" ><div class='aviaccordion-preview '><\/div><img decoding=\"async\" width=\"1500\" height=\"430\" data-src=\"https:\/\/suesin-dienstleistung.de\/wp-content\/uploads\/2021\/04\/landsbau2-1500x430.jpg\" class=\"aviaccordion-image lazyload\" alt=\"\" src=\"data:image\/svg+xml;base64,PHN2ZyB3aWR0aD0iMSIgaGVpZ2h0PSIxIiB4bWxucz0iaHR0cDovL3d3dy53My5vcmcvMjAwMC9zdmciPjwvc3ZnPg==\" style=\"--smush-placeholder-width: 1500px; --smush-placeholder-aspect-ratio: 1500\/430;\" \/><\/a><\/li><\/ul><div class='aviaccordion-spacer' style='padding-bottom:28.6666666667%'><\/div><\/div>\n\n<style type=\"text\/css\" data-created_by=\"avia_inline_auto\" id=\"style-css-av-knejf9n1-40912fa792307d529ca326a53b67f733\">\n#top .av-special-heading.av-knejf9n1-40912fa792307d529ca326a53b67f733{\npadding-bottom:10px;\n}\nbody .av-special-heading.av-knejf9n1-40912fa792307d529ca326a53b67f733 .av-special-heading-tag .heading-char{\nfont-size:25px;\n}\n.av-special-heading.av-knejf9n1-40912fa792307d529ca326a53b67f733 .av-subheading{\nfont-size:15px;\n}\n<\/style>\n<div  class='av-special-heading av-knejf9n1-40912fa792307d529ca326a53b67f733 av-special-heading-h2 blockquote modern-quote  avia-builder-el-1  el_after_av_slideshow_accordion  el_before_av_textblock  avia-builder-el-first '><h2 class='av-special-heading-tag'  itemprop=\"headline\"  >Garten- und Landschaftsbau<\/h2><div class='av-subheading av-subheading_below'><p>Unsere Designer k\u00f6nnen Ihre Tr\u00e4ume in Pl\u00e4ne umsetzen<\/p>\n<\/div><div class=\"special-heading-border\"><div class=\"special-heading-inner-border\"><\/div><\/div><\/div>\n<section  class='av_textblock_section av-knbplqlm-adaea4c98555702ce441608da404e692'  itemscope=\"itemscope\" itemtype=\"https:\/\/schema.org\/CreativeWork\" ><div class='avia_textblock'  itemprop=\"text\" ><h3 class=\"title\"><\/h3>\n<p>Der Beginn eines gut aussehenden Gartens, unabh\u00e4ngig davon, ob<br \/>\nes sich um den Hinterhof oder den Vorgarten handelt, beginnt mit der Struktur.\u00a0Wir bauen St\u00fctzmauern, Terrassen, Kamine im Freien und Gehwege.\u00a0Wir verwenden nur die hochwertigsten Materialien, die auf dem Markt erh\u00e4ltlich sind, und unsere beste Verarbeitung, um etwas zu bauen, das garantiert lange h\u00e4lt.\u00a0Wir werden eng mit Ihnen zusammenarbeiten, um sicherzustellen, dass wir Ihre Ziele klar verstehen.<\/p>\n<p><b>FANTASTISCHE M\u00d6GLICHKEIT, IHRE LANDSCHAFT ZU VERBESSERN<\/b><\/p>\n<p>Unsere Landschaftsabteilung verf\u00fcgt \u00fcber langj\u00e4hrige Erfahrung in allen Phasen der Landschaftsgestaltung und unser kundenorientierter Ansatz macht das Landschaftserlebnis genau das zu einem Erlebnis.\u00a0Wir m\u00f6chten, dass unsere Kunden vom Moment des Auftrags bis zum Ende des Auftrags da sind, damit sie so viel Input haben k\u00f6nnen.<\/p>\n<p><strong>PRODUKTE NUR DER H\u00d6CHSTEN QUALIT\u00c4T<\/strong><\/p>\n<p>Wir verstehen, dass Ihre Immobilie eine gro\u00dfe Investition ist, und wir m\u00f6chten, dass unsere Kunden wissen, dass wir f\u00fcr sie da sind, um ihnen zu helfen, die Tr\u00e4ume zu verwirklichen, die sie m\u00f6glicherweise f\u00fcr ihre Immobilie haben.\u00a0Von der Neubau-Landschaftsgestaltung bis hin zu bestehenden Landschaften, die ein Facelifting ben\u00f6tigen, hilft unser professionelles Personal.<\/p>\n<\/div><\/section>\n<div  class='hr av-g62mu-eeba1ad4c45a1c0c7fbb2f2e55115eb6 hr-default  avia-builder-el-3  el_after_av_textblock  el_before_av_one_full '><span class='hr-inner '><span class=\"hr-inner-style\"><\/span><\/span><\/div>\n\n<style type=\"text\/css\" data-created_by=\"avia_inline_auto\" id=\"style-css-av-6opa6-8d4949860b23fb5592deefd937db904b\">\n.flex_column.av-6opa6-8d4949860b23fb5592deefd937db904b{\nborder-radius:0px 0px 0px 0px;\n-webkit-border-radius:0px 0px 0px 0px;\n-moz-border-radius:0px 0px 0px 0px;\n}\n<\/style>\n<div class='flex_column av-6opa6-8d4949860b23fb5592deefd937db904b av_one_full  avia-builder-el-4  el_after_av_hr  avia-builder-el-last  first flex_column_div av-zero-column-padding '   ><section  class='av_textblock_section av-knbohwin-3f0a31d89dcb97f8e8d2ddb91bd33829'  itemscope=\"itemscope\" itemtype=\"https:\/\/schema.org\/CreativeWork\" ><div class='avia_textblock'  itemprop=\"text\" ><h2 id=\"cc-m-header-7553367561\" style=\"text-align: center;\"><span style=\"vertical-align: inherit;\"><span style=\"vertical-align: inherit;\"><span style=\"vertical-align: inherit;\"><span style=\"vertical-align: inherit;\">HABEN WIR IHR INTERESSE GEWECKT? DANN KONTAKTIEREN SIE UNS!<\/span><\/span><\/span><\/span><\/h2>\n<\/div><\/section><br \/>\n<div  class='avia-button-wrap avia-button-center  avia-builder-el-6  el_after_av_textblock  avia-builder-el-last ' ><a href='https:\/\/suesin-dienstleistung.de\/?page_id=83'  class='avia-button av-knbojcm4-be5228819fe8649cd9a709120bc682e1 avia-icon_select-no avia-size-large avia-position-center avia-color-theme-color' ><span class='avia_iconbox_title' >HIER KLICKEN<\/span><\/a><\/div><\/p><\/div>\n","protected":false},"excerpt":{"rendered":"","protected":false},"author":1,"featured_media":0,"parent":180,"menu_order":2,"comment_status":"closed","ping_status":"closed","template":"","meta":{"footnotes":""},"class_list":["post-206","page","type-page","status-publish","hentry"],"yoast_head":"<!-- This site is optimized with the Yoast SEO plugin v27.3 - https:\/\/yoast.com\/product\/yoast-seo-wordpress\/ -->\n<title>Garten-und Landschaftsbau &#187; S\u00fcsin-Dienstleistung<\/title>\n<meta name=\"robots\" content=\"index, follow, max-snippet:-1, max-image-preview:large, max-video-preview:-1\" \/>\n<link rel=\"canonical\" href=\"https:\/\/suesin-dienstleistung.de\/?page_id=206\" \/>\n<meta property=\"og:locale\" content=\"de_DE\" \/>\n<meta property=\"og:type\" content=\"article\" \/>\n<meta property=\"og:title\" content=\"Garten-und Landschaftsbau &#187; S\u00fcsin-Dienstleistung\" \/>\n<meta property=\"og:url\" content=\"https:\/\/suesin-dienstleistung.de\/?page_id=206\" \/>\n<meta property=\"og:site_name\" content=\"S\u00fcsin-Dienstleistung\" \/>\n<meta property=\"article:modified_time\" content=\"2021-04-12T11:53:54+00:00\" \/>\n<meta name=\"twitter:card\" content=\"summary_large_image\" \/>\n<meta name=\"twitter:label1\" content=\"Gesch\u00e4tzte Lesezeit\" \/>\n\t<meta name=\"twitter:data1\" content=\"2\u00a0Minuten\" \/>\n<script type=\"application\/ld+json\" class=\"yoast-schema-graph\">{\"@context\":\"https:\\\/\\\/schema.org\",\"@graph\":[{\"@type\":\"WebPage\",\"@id\":\"https:\\\/\\\/suesin-dienstleistung.de\\\/?page_id=206\",\"url\":\"https:\\\/\\\/suesin-dienstleistung.de\\\/?page_id=206\",\"name\":\"Garten-und Landschaftsbau &#187; S\u00fcsin-Dienstleistung\",\"isPartOf\":{\"@id\":\"https:\\\/\\\/suesin-dienstleistung.de\\\/#website\"},\"datePublished\":\"2021-04-10T12:30:33+00:00\",\"dateModified\":\"2021-04-12T11:53:54+00:00\",\"breadcrumb\":{\"@id\":\"https:\\\/\\\/suesin-dienstleistung.de\\\/?page_id=206#breadcrumb\"},\"inLanguage\":\"de\",\"potentialAction\":[{\"@type\":\"ReadAction\",\"target\":[\"https:\\\/\\\/suesin-dienstleistung.de\\\/?page_id=206\"]}]},{\"@type\":\"BreadcrumbList\",\"@id\":\"https:\\\/\\\/suesin-dienstleistung.de\\\/?page_id=206#breadcrumb\",\"itemListElement\":[{\"@type\":\"ListItem\",\"position\":1,\"name\":\"Startseite\",\"item\":\"https:\\\/\\\/suesin-dienstleistung.de\\\/?page_id=79\"},{\"@type\":\"ListItem\",\"position\":2,\"name\":\"Leistungen\",\"item\":\"https:\\\/\\\/suesin-dienstleistung.de\\\/?page_id=180\"},{\"@type\":\"ListItem\",\"position\":3,\"name\":\"Garten-und Landschaftsbau\"}]},{\"@type\":\"WebSite\",\"@id\":\"https:\\\/\\\/suesin-dienstleistung.de\\\/#website\",\"url\":\"https:\\\/\\\/suesin-dienstleistung.de\\\/\",\"name\":\"Garten-Service S\u00fcsin\",\"description\":\"aus Erlensee\",\"publisher\":{\"@id\":\"https:\\\/\\\/suesin-dienstleistung.de\\\/#organization\"},\"potentialAction\":[{\"@type\":\"SearchAction\",\"target\":{\"@type\":\"EntryPoint\",\"urlTemplate\":\"https:\\\/\\\/suesin-dienstleistung.de\\\/?s={search_term_string}\"},\"query-input\":{\"@type\":\"PropertyValueSpecification\",\"valueRequired\":true,\"valueName\":\"search_term_string\"}}],\"inLanguage\":\"de\"},{\"@type\":\"Organization\",\"@id\":\"https:\\\/\\\/suesin-dienstleistung.de\\\/#organization\",\"name\":\"S\u00fcsin-Dienstleistung\",\"alternateName\":\"S\u00fcsin-Dienstleistung\",\"url\":\"https:\\\/\\\/suesin-dienstleistung.de\\\/\",\"logo\":{\"@type\":\"ImageObject\",\"inLanguage\":\"de\",\"@id\":\"https:\\\/\\\/suesin-dienstleistung.de\\\/#\\\/schema\\\/logo\\\/image\\\/\",\"url\":\"https:\\\/\\\/suesin-dienstleistung.de\\\/wp-content\\\/uploads\\\/2021\\\/04\\\/1.png\",\"contentUrl\":\"https:\\\/\\\/suesin-dienstleistung.de\\\/wp-content\\\/uploads\\\/2021\\\/04\\\/1.png\",\"width\":289,\"height\":279,\"caption\":\"S\u00fcsin-Dienstleistung\"},\"image\":{\"@id\":\"https:\\\/\\\/suesin-dienstleistung.de\\\/#\\\/schema\\\/logo\\\/image\\\/\"}}]}<\/script>\n<!-- \/ Yoast SEO plugin. -->","yoast_head_json":{"title":"Garten-und Landschaftsbau &#187; S\u00fcsin-Dienstleistung","robots":{"index":"index","follow":"follow","max-snippet":"max-snippet:-1","max-image-preview":"max-image-preview:large","max-video-preview":"max-video-preview:-1"},"canonical":"https:\/\/suesin-dienstleistung.de\/?page_id=206","og_locale":"de_DE","og_type":"article","og_title":"Garten-und Landschaftsbau &#187; S\u00fcsin-Dienstleistung","og_url":"https:\/\/suesin-dienstleistung.de\/?page_id=206","og_site_name":"S\u00fcsin-Dienstleistung","article_modified_time":"2021-04-12T11:53:54+00:00","twitter_card":"summary_large_image","twitter_misc":{"Gesch\u00e4tzte Lesezeit":"2\u00a0Minuten"},"schema":{"@context":"https:\/\/schema.org","@graph":[{"@type":"WebPage","@id":"https:\/\/suesin-dienstleistung.de\/?page_id=206","url":"https:\/\/suesin-dienstleistung.de\/?page_id=206","name":"Garten-und Landschaftsbau &#187; S\u00fcsin-Dienstleistung","isPartOf":{"@id":"https:\/\/suesin-dienstleistung.de\/#website"},"datePublished":"2021-04-10T12:30:33+00:00","dateModified":"2021-04-12T11:53:54+00:00","breadcrumb":{"@id":"https:\/\/suesin-dienstleistung.de\/?page_id=206#breadcrumb"},"inLanguage":"de","potentialAction":[{"@type":"ReadAction","target":["https:\/\/suesin-dienstleistung.de\/?page_id=206"]}]},{"@type":"BreadcrumbList","@id":"https:\/\/suesin-dienstleistung.de\/?page_id=206#breadcrumb","itemListElement":[{"@type":"ListItem","position":1,"name":"Startseite","item":"https:\/\/suesin-dienstleistung.de\/?page_id=79"},{"@type":"ListItem","position":2,"name":"Leistungen","item":"https:\/\/suesin-dienstleistung.de\/?page_id=180"},{"@type":"ListItem","position":3,"name":"Garten-und Landschaftsbau"}]},{"@type":"WebSite","@id":"https:\/\/suesin-dienstleistung.de\/#website","url":"https:\/\/suesin-dienstleistung.de\/","name":"Garten-Service S\u00fcsin","description":"aus Erlensee","publisher":{"@id":"https:\/\/suesin-dienstleistung.de\/#organization"},"potentialAction":[{"@type":"SearchAction","target":{"@type":"EntryPoint","urlTemplate":"https:\/\/suesin-dienstleistung.de\/?s={search_term_string}"},"query-input":{"@type":"PropertyValueSpecification","valueRequired":true,"valueName":"search_term_string"}}],"inLanguage":"de"},{"@type":"Organization","@id":"https:\/\/suesin-dienstleistung.de\/#organization","name":"S\u00fcsin-Dienstleistung","alternateName":"S\u00fcsin-Dienstleistung","url":"https:\/\/suesin-dienstleistung.de\/","logo":{"@type":"ImageObject","inLanguage":"de","@id":"https:\/\/suesin-dienstleistung.de\/#\/schema\/logo\/image\/","url":"https:\/\/suesin-dienstleistung.de\/wp-content\/uploads\/2021\/04\/1.png","contentUrl":"https:\/\/suesin-dienstleistung.de\/wp-content\/uploads\/2021\/04\/1.png","width":289,"height":279,"caption":"S\u00fcsin-Dienstleistung"},"image":{"@id":"https:\/\/suesin-dienstleistung.de\/#\/schema\/logo\/image\/"}}]}},"_links":{"self":[{"href":"https:\/\/suesin-dienstleistung.de\/index.php?rest_route=\/wp\/v2\/pages\/206","targetHints":{"allow":["GET"]}}],"collection":[{"href":"https:\/\/suesin-dienstleistung.de\/index.php?rest_route=\/wp\/v2\/pages"}],"about":[{"href":"https:\/\/suesin-dienstleistung.de\/index.php?rest_route=\/wp\/v2\/types\/page"}],"author":[{"embeddable":true,"href":"https:\/\/suesin-dienstleistung.de\/index.php?rest_route=\/wp\/v2\/users\/1"}],"replies":[{"embeddable":true,"href":"https:\/\/suesin-dienstleistung.de\/index.php?rest_route=%2Fwp%2Fv2%2Fcomments&post=206"}],"version-history":[{"count":6,"href":"https:\/\/suesin-dienstleistung.de\/index.php?rest_route=\/wp\/v2\/pages\/206\/revisions"}],"predecessor-version":[{"id":267,"href":"https:\/\/suesin-dienstleistung.de\/index.php?rest_route=\/wp\/v2\/pages\/206\/revisions\/267"}],"up":[{"embeddable":true,"href":"https:\/\/suesin-dienstleistung.de\/index.php?rest_route=\/wp\/v2\/pages\/180"}],"wp:attachment":[{"href":"https:\/\/suesin-dienstleistung.de\/index.php?rest_route=%2Fwp%2Fv2%2Fmedia&parent=206"}],"curies":[{"name":"wp","href":"https:\/\/api.w.org\/{rel}","templated":true}]}}