{"id":217,"date":"2021-04-10T14:35:27","date_gmt":"2021-04-10T12:35:27","guid":{"rendered":"http:\/\/suesin-gartenservice.de\/?page_id=217"},"modified":"2021-04-10T14:47:23","modified_gmt":"2021-04-10T12:47:23","slug":"gartenpflege-service","status":"publish","type":"page","link":"https:\/\/suesin-dienstleistung.de\/?page_id=217","title":{"rendered":"Gartenpflege-Service"},"content":{"rendered":"\n<style type=\"text\/css\" data-created_by=\"avia_inline_auto\" id=\"style-css-av-my11t-0a03a832dc18a2e51101a61091957c6d\">\n.avia-accordion.av-my11t-0a03a832dc18a2e51101a61091957c6d{\nmax-height:430px;\n}\n.avia-accordion.av-my11t-0a03a832dc18a2e51101a61091957c6d .aviaccordion-preview{\nwidth:34.1%;\n}\n.avia-accordion .aviaccordion-slide.av-my11t-0a03a832dc18a2e51101a61091957c6d__0{\nleft:0%;\n}\n.avia-accordion .aviaccordion-slide.av-my11t-0a03a832dc18a2e51101a61091957c6d__1{\nleft:33.3333333333%;\n}\n.avia-accordion .aviaccordion-slide.av-my11t-0a03a832dc18a2e51101a61091957c6d__2{\nleft:66.6666666667%;\n}\n<\/style>\n<div  id=\"accordion_slider_1\"  class='aviaccordion avia-accordion av-my11t-0a03a832dc18a2e51101a61091957c6d aviaccordion-title-inactive ' data-av-maxheight='430' data-autoplay='false' data-interval='5'   itemscope=\"itemscope\" itemtype=\"https:\/\/schema.org\/Blog\" ><ul class=\"aviaccordion-inner\"><li class='aviaccordion-slide av-my11t-0a03a832dc18a2e51101a61091957c6d__0 aviaccordion-slide-1' data-av-left='0'  itemscope=\"itemscope\" itemtype=\"https:\/\/schema.org\/CreativeWork\" ><a class='aviaccordion-slide-link noHover' href=\"https:\/\/suesin-dienstleistung.de\/wp-content\/uploads\/2021\/04\/gartenpflege1-1030x549.jpg\" data-srcset=\"https:\/\/suesin-dienstleistung.de\/wp-content\/uploads\/2021\/04\/gartenpflege1-1030x549.jpg 1030w, https:\/\/suesin-dienstleistung.de\/wp-content\/uploads\/2021\/04\/gartenpflege1-300x160.jpg 300w, https:\/\/suesin-dienstleistung.de\/wp-content\/uploads\/2021\/04\/gartenpflege1-768x410.jpg 768w, https:\/\/suesin-dienstleistung.de\/wp-content\/uploads\/2021\/04\/gartenpflege1-705x376.jpg 705w, https:\/\/suesin-dienstleistung.de\/wp-content\/uploads\/2021\/04\/gartenpflege1.jpg 1500w\" data-sizes=\"(max-width: 1030px) 100vw, 1030px\"  title=\"gartenpflege1\" ><div class='aviaccordion-preview '><\/div><img decoding=\"async\" width=\"1500\" height=\"430\" data-src=\"https:\/\/suesin-dienstleistung.de\/wp-content\/uploads\/2021\/04\/gartenpflege1-1500x430.jpg\" class=\"aviaccordion-image lazyload\" alt=\"\" src=\"data:image\/svg+xml;base64,PHN2ZyB3aWR0aD0iMSIgaGVpZ2h0PSIxIiB4bWxucz0iaHR0cDovL3d3dy53My5vcmcvMjAwMC9zdmciPjwvc3ZnPg==\" style=\"--smush-placeholder-width: 1500px; --smush-placeholder-aspect-ratio: 1500\/430;\" \/><\/a><\/li><li class='aviaccordion-slide av-my11t-0a03a832dc18a2e51101a61091957c6d__1 aviaccordion-slide-2' data-av-left='33.3333333333'  itemscope=\"itemscope\" itemtype=\"https:\/\/schema.org\/CreativeWork\" ><a class='aviaccordion-slide-link noHover' href=\"https:\/\/suesin-dienstleistung.de\/wp-content\/uploads\/2021\/04\/6-1.jpg\" data-srcset=\"https:\/\/suesin-dienstleistung.de\/wp-content\/uploads\/2021\/04\/6-1.jpg 1024w, https:\/\/suesin-dienstleistung.de\/wp-content\/uploads\/2021\/04\/6-1-300x194.jpg 300w, https:\/\/suesin-dienstleistung.de\/wp-content\/uploads\/2021\/04\/6-1-768x496.jpg 768w, https:\/\/suesin-dienstleistung.de\/wp-content\/uploads\/2021\/04\/6-1-705x455.jpg 705w\" data-sizes=\"(max-width: 1024px) 100vw, 1024px\"  title=\"6\" ><div class='aviaccordion-preview '><\/div><img decoding=\"async\" width=\"1024\" height=\"430\" data-src=\"https:\/\/suesin-dienstleistung.de\/wp-content\/uploads\/2021\/04\/6-1-1024x430.jpg\" class=\"aviaccordion-image lazyload\" alt=\"\" src=\"data:image\/svg+xml;base64,PHN2ZyB3aWR0aD0iMSIgaGVpZ2h0PSIxIiB4bWxucz0iaHR0cDovL3d3dy53My5vcmcvMjAwMC9zdmciPjwvc3ZnPg==\" style=\"--smush-placeholder-width: 1024px; --smush-placeholder-aspect-ratio: 1024\/430;\" \/><\/a><\/li><li class='aviaccordion-slide av-my11t-0a03a832dc18a2e51101a61091957c6d__2 aviaccordion-slide-3' data-av-left='66.6666666667'  itemscope=\"itemscope\" itemtype=\"https:\/\/schema.org\/CreativeWork\" ><a class='aviaccordion-slide-link noHover' href=\"https:\/\/suesin-dienstleistung.de\/wp-content\/uploads\/2021\/04\/gartenpflege2-1030x688.jpg\" data-srcset=\"https:\/\/suesin-dienstleistung.de\/wp-content\/uploads\/2021\/04\/gartenpflege2-1030x688.jpg 1030w, https:\/\/suesin-dienstleistung.de\/wp-content\/uploads\/2021\/04\/gartenpflege2-300x200.jpg 300w, https:\/\/suesin-dienstleistung.de\/wp-content\/uploads\/2021\/04\/gartenpflege2-768x513.jpg 768w, https:\/\/suesin-dienstleistung.de\/wp-content\/uploads\/2021\/04\/gartenpflege2-1536x1026.jpg 1536w, https:\/\/suesin-dienstleistung.de\/wp-content\/uploads\/2021\/04\/gartenpflege2-1500x1002.jpg 1500w, https:\/\/suesin-dienstleistung.de\/wp-content\/uploads\/2021\/04\/gartenpflege2-705x471.jpg 705w, https:\/\/suesin-dienstleistung.de\/wp-content\/uploads\/2021\/04\/gartenpflege2.jpg 1800w\" data-sizes=\"(max-width: 1030px) 100vw, 1030px\"  title=\"gartenpflege2\" ><div class='aviaccordion-preview '><\/div><img decoding=\"async\" width=\"1500\" height=\"430\" data-src=\"https:\/\/suesin-dienstleistung.de\/wp-content\/uploads\/2021\/04\/gartenpflege2-1500x430.jpg\" class=\"aviaccordion-image lazyload\" alt=\"\" src=\"data:image\/svg+xml;base64,PHN2ZyB3aWR0aD0iMSIgaGVpZ2h0PSIxIiB4bWxucz0iaHR0cDovL3d3dy53My5vcmcvMjAwMC9zdmciPjwvc3ZnPg==\" style=\"--smush-placeholder-width: 1500px; --smush-placeholder-aspect-ratio: 1500\/430;\" \/><\/a><\/li><\/ul><div class='aviaccordion-spacer' style='padding-bottom:28.6666666667%'><\/div><\/div>\n\n<style type=\"text\/css\" data-created_by=\"avia_inline_auto\" id=\"style-css-av-av_heading-88853385762bd3057527f2210381a972\">\n#top .av-special-heading.av-av_heading-88853385762bd3057527f2210381a972{\npadding-bottom:10px;\n}\nbody .av-special-heading.av-av_heading-88853385762bd3057527f2210381a972 .av-special-heading-tag .heading-char{\nfont-size:25px;\n}\n.av-special-heading.av-av_heading-88853385762bd3057527f2210381a972 .av-subheading{\nfont-size:15px;\n}\n<\/style>\n<div  class='av-special-heading av-av_heading-88853385762bd3057527f2210381a972 av-special-heading-h2 blockquote modern-quote  avia-builder-el-1  el_after_av_slideshow_accordion  el_before_av_textblock  avia-builder-el-first '><h2 class='av-special-heading-tag'  itemprop=\"headline\"  >Gartenpflege-Service<\/h2><div class='av-subheading av-subheading_below'><p>Wir bieten Gartenpflege an, um das Beste aus Ihren Pflanzen herauszuholen.<\/p>\n<\/div><div class=\"special-heading-border\"><div class=\"special-heading-inner-border\"><\/div><\/div><\/div>\n<section  class='av_textblock_section av-knbq0165-3ab7ff7268f9d0bd5126d262497bd166'  itemscope=\"itemscope\" itemtype=\"https:\/\/schema.org\/CreativeWork\" ><div class='avia_textblock'  itemprop=\"text\" ><p>W\u00e4hrend das Entfernen von B\u00e4umen das letzte Mittel ist, ist es manchmal am notwendigsten.\u00a0Kranke B\u00e4ume, B\u00e4ume, die B\u00fcrgersteige entwurzeln, Risse im Fundament verursachen, Abwasserleitungen st\u00f6ren, schwere Sturmsch\u00e4den erlitten haben oder B\u00e4ume, die einfach zu nahe an wichtigen Strukturen liegen, sind Beispiele f\u00fcr B\u00e4ume, die zur Entfernung reif sind.<\/p>\n<p><b>WIR K\u00d6NNEN IHREN BAUM SICHER ENTFERNEN<\/b><\/p>\n<p>Unsere Landschaftsabteilung verf\u00fcgt \u00fcber langj\u00e4hrige Erfahrung in allen Phasen der Landschaftsgestaltung und unser kundenorientierter Ansatz macht das Landschaftserlebnis genau das zu einem Erlebnis.\u00a0Wir m\u00f6chten, dass unsere Kunden vom Moment des Auftrags bis zum Ende des Auftrags da sind, damit sie so viel Input haben k\u00f6nnen.<\/p>\n<p><strong>UNSERE DIENSTLEISTUNGEN UMFASSEN ALLE B\u00c4UME UND GR\u00d6SSEN<\/strong><\/p>\n<p>Wir verstehen, dass Ihre Immobilie eine gro\u00dfe Investition ist, und wir m\u00f6chten, dass unsere Kunden wissen, dass wir f\u00fcr sie da sind, um ihnen zu helfen, die Tr\u00e4ume zu verwirklichen, die sie m\u00f6glicherweise f\u00fcr ihre Immobilie haben.\u00a0Unser professionelles Personal hilft Ihnen von der Neubau-Landschaftsgestaltung bis hin zu bestehenden Landschaften, die ein Facelifting ben\u00f6tigen.\u00a0Wir m\u00f6chten, dass unsere Kunden von Anfang an da sind.<\/p>\n<\/div><\/section>\n<div  class='hr av-1kaeh-e9f0d3d0b9a044eefadf2c0773936844 hr-default  avia-builder-el-3  el_after_av_textblock  el_before_av_one_full '><span class='hr-inner '><span class=\"hr-inner-style\"><\/span><\/span><\/div>\n\n<style type=\"text\/css\" data-created_by=\"avia_inline_auto\" id=\"style-css-av-bjpg1-c61e5ea69e81f3294bc33860dcd19d73\">\n.flex_column.av-bjpg1-c61e5ea69e81f3294bc33860dcd19d73{\nborder-radius:0px 0px 0px 0px;\n-webkit-border-radius:0px 0px 0px 0px;\n-moz-border-radius:0px 0px 0px 0px;\n}\n<\/style>\n<div class='flex_column av-bjpg1-c61e5ea69e81f3294bc33860dcd19d73 av_one_full  avia-builder-el-4  el_after_av_hr  avia-builder-el-last  first flex_column_div av-zero-column-padding '   ><section  class='av_textblock_section av-knbohwin-3f0a31d89dcb97f8e8d2ddb91bd33829'  itemscope=\"itemscope\" itemtype=\"https:\/\/schema.org\/CreativeWork\" ><div class='avia_textblock'  itemprop=\"text\" ><h2 id=\"cc-m-header-7553367561\" style=\"text-align: center;\"><span style=\"vertical-align: inherit;\"><span style=\"vertical-align: inherit;\"><span style=\"vertical-align: inherit;\"><span style=\"vertical-align: inherit;\">HABEN WIR IHR INTERESSE GEWECKT? DANN KONTAKTIEREN SIE UNS!<\/span><\/span><\/span><\/span><\/h2>\n<\/div><\/section><br \/>\n<div  class='avia-button-wrap avia-button-center  avia-builder-el-6  el_after_av_textblock  avia-builder-el-last ' ><a href='https:\/\/suesin-dienstleistung.de\/?page_id=83'  class='avia-button av-knbojcm4-be5228819fe8649cd9a709120bc682e1 avia-icon_select-no avia-size-large avia-position-center avia-color-theme-color' ><span class='avia_iconbox_title' >HIER KLICKEN<\/span><\/a><\/div><\/p><\/div>\n","protected":false},"excerpt":{"rendered":"","protected":false},"author":1,"featured_media":0,"parent":180,"menu_order":1,"comment_status":"closed","ping_status":"closed","template":"","meta":{"footnotes":""},"class_list":["post-217","page","type-page","status-publish","hentry"],"yoast_head":"<!-- This site is optimized with the Yoast SEO plugin v27.3 - https:\/\/yoast.com\/product\/yoast-seo-wordpress\/ -->\n<title>Gartenpflege-Service &#187; S\u00fcsin-Dienstleistung<\/title>\n<meta name=\"robots\" content=\"index, follow, max-snippet:-1, max-image-preview:large, max-video-preview:-1\" \/>\n<link rel=\"canonical\" href=\"https:\/\/suesin-dienstleistung.de\/?page_id=217\" \/>\n<meta property=\"og:locale\" content=\"de_DE\" \/>\n<meta property=\"og:type\" content=\"article\" \/>\n<meta property=\"og:title\" content=\"Gartenpflege-Service &#187; S\u00fcsin-Dienstleistung\" \/>\n<meta property=\"og:url\" content=\"https:\/\/suesin-dienstleistung.de\/?page_id=217\" \/>\n<meta property=\"og:site_name\" content=\"S\u00fcsin-Dienstleistung\" \/>\n<meta property=\"article:modified_time\" content=\"2021-04-10T12:47:23+00:00\" \/>\n<meta name=\"twitter:card\" content=\"summary_large_image\" \/>\n<meta name=\"twitter:label1\" content=\"Gesch\u00e4tzte Lesezeit\" \/>\n\t<meta name=\"twitter:data1\" content=\"2\u00a0Minuten\" \/>\n<script type=\"application\/ld+json\" class=\"yoast-schema-graph\">{\"@context\":\"https:\\\/\\\/schema.org\",\"@graph\":[{\"@type\":\"WebPage\",\"@id\":\"https:\\\/\\\/suesin-dienstleistung.de\\\/?page_id=217\",\"url\":\"https:\\\/\\\/suesin-dienstleistung.de\\\/?page_id=217\",\"name\":\"Gartenpflege-Service &#187; S\u00fcsin-Dienstleistung\",\"isPartOf\":{\"@id\":\"https:\\\/\\\/suesin-dienstleistung.de\\\/#website\"},\"datePublished\":\"2021-04-10T12:35:27+00:00\",\"dateModified\":\"2021-04-10T12:47:23+00:00\",\"breadcrumb\":{\"@id\":\"https:\\\/\\\/suesin-dienstleistung.de\\\/?page_id=217#breadcrumb\"},\"inLanguage\":\"de\",\"potentialAction\":[{\"@type\":\"ReadAction\",\"target\":[\"https:\\\/\\\/suesin-dienstleistung.de\\\/?page_id=217\"]}]},{\"@type\":\"BreadcrumbList\",\"@id\":\"https:\\\/\\\/suesin-dienstleistung.de\\\/?page_id=217#breadcrumb\",\"itemListElement\":[{\"@type\":\"ListItem\",\"position\":1,\"name\":\"Startseite\",\"item\":\"https:\\\/\\\/suesin-dienstleistung.de\\\/?page_id=79\"},{\"@type\":\"ListItem\",\"position\":2,\"name\":\"Leistungen\",\"item\":\"https:\\\/\\\/suesin-dienstleistung.de\\\/?page_id=180\"},{\"@type\":\"ListItem\",\"position\":3,\"name\":\"Gartenpflege-Service\"}]},{\"@type\":\"WebSite\",\"@id\":\"https:\\\/\\\/suesin-dienstleistung.de\\\/#website\",\"url\":\"https:\\\/\\\/suesin-dienstleistung.de\\\/\",\"name\":\"Garten-Service S\u00fcsin\",\"description\":\"aus Erlensee\",\"publisher\":{\"@id\":\"https:\\\/\\\/suesin-dienstleistung.de\\\/#organization\"},\"potentialAction\":[{\"@type\":\"SearchAction\",\"target\":{\"@type\":\"EntryPoint\",\"urlTemplate\":\"https:\\\/\\\/suesin-dienstleistung.de\\\/?s={search_term_string}\"},\"query-input\":{\"@type\":\"PropertyValueSpecification\",\"valueRequired\":true,\"valueName\":\"search_term_string\"}}],\"inLanguage\":\"de\"},{\"@type\":\"Organization\",\"@id\":\"https:\\\/\\\/suesin-dienstleistung.de\\\/#organization\",\"name\":\"S\u00fcsin-Dienstleistung\",\"alternateName\":\"S\u00fcsin-Dienstleistung\",\"url\":\"https:\\\/\\\/suesin-dienstleistung.de\\\/\",\"logo\":{\"@type\":\"ImageObject\",\"inLanguage\":\"de\",\"@id\":\"https:\\\/\\\/suesin-dienstleistung.de\\\/#\\\/schema\\\/logo\\\/image\\\/\",\"url\":\"https:\\\/\\\/suesin-dienstleistung.de\\\/wp-content\\\/uploads\\\/2021\\\/04\\\/1.png\",\"contentUrl\":\"https:\\\/\\\/suesin-dienstleistung.de\\\/wp-content\\\/uploads\\\/2021\\\/04\\\/1.png\",\"width\":289,\"height\":279,\"caption\":\"S\u00fcsin-Dienstleistung\"},\"image\":{\"@id\":\"https:\\\/\\\/suesin-dienstleistung.de\\\/#\\\/schema\\\/logo\\\/image\\\/\"}}]}<\/script>\n<!-- \/ Yoast SEO plugin. -->","yoast_head_json":{"title":"Gartenpflege-Service &#187; S\u00fcsin-Dienstleistung","robots":{"index":"index","follow":"follow","max-snippet":"max-snippet:-1","max-image-preview":"max-image-preview:large","max-video-preview":"max-video-preview:-1"},"canonical":"https:\/\/suesin-dienstleistung.de\/?page_id=217","og_locale":"de_DE","og_type":"article","og_title":"Gartenpflege-Service &#187; S\u00fcsin-Dienstleistung","og_url":"https:\/\/suesin-dienstleistung.de\/?page_id=217","og_site_name":"S\u00fcsin-Dienstleistung","article_modified_time":"2021-04-10T12:47:23+00:00","twitter_card":"summary_large_image","twitter_misc":{"Gesch\u00e4tzte Lesezeit":"2\u00a0Minuten"},"schema":{"@context":"https:\/\/schema.org","@graph":[{"@type":"WebPage","@id":"https:\/\/suesin-dienstleistung.de\/?page_id=217","url":"https:\/\/suesin-dienstleistung.de\/?page_id=217","name":"Gartenpflege-Service &#187; S\u00fcsin-Dienstleistung","isPartOf":{"@id":"https:\/\/suesin-dienstleistung.de\/#website"},"datePublished":"2021-04-10T12:35:27+00:00","dateModified":"2021-04-10T12:47:23+00:00","breadcrumb":{"@id":"https:\/\/suesin-dienstleistung.de\/?page_id=217#breadcrumb"},"inLanguage":"de","potentialAction":[{"@type":"ReadAction","target":["https:\/\/suesin-dienstleistung.de\/?page_id=217"]}]},{"@type":"BreadcrumbList","@id":"https:\/\/suesin-dienstleistung.de\/?page_id=217#breadcrumb","itemListElement":[{"@type":"ListItem","position":1,"name":"Startseite","item":"https:\/\/suesin-dienstleistung.de\/?page_id=79"},{"@type":"ListItem","position":2,"name":"Leistungen","item":"https:\/\/suesin-dienstleistung.de\/?page_id=180"},{"@type":"ListItem","position":3,"name":"Gartenpflege-Service"}]},{"@type":"WebSite","@id":"https:\/\/suesin-dienstleistung.de\/#website","url":"https:\/\/suesin-dienstleistung.de\/","name":"Garten-Service S\u00fcsin","description":"aus Erlensee","publisher":{"@id":"https:\/\/suesin-dienstleistung.de\/#organization"},"potentialAction":[{"@type":"SearchAction","target":{"@type":"EntryPoint","urlTemplate":"https:\/\/suesin-dienstleistung.de\/?s={search_term_string}"},"query-input":{"@type":"PropertyValueSpecification","valueRequired":true,"valueName":"search_term_string"}}],"inLanguage":"de"},{"@type":"Organization","@id":"https:\/\/suesin-dienstleistung.de\/#organization","name":"S\u00fcsin-Dienstleistung","alternateName":"S\u00fcsin-Dienstleistung","url":"https:\/\/suesin-dienstleistung.de\/","logo":{"@type":"ImageObject","inLanguage":"de","@id":"https:\/\/suesin-dienstleistung.de\/#\/schema\/logo\/image\/","url":"https:\/\/suesin-dienstleistung.de\/wp-content\/uploads\/2021\/04\/1.png","contentUrl":"https:\/\/suesin-dienstleistung.de\/wp-content\/uploads\/2021\/04\/1.png","width":289,"height":279,"caption":"S\u00fcsin-Dienstleistung"},"image":{"@id":"https:\/\/suesin-dienstleistung.de\/#\/schema\/logo\/image\/"}}]}},"_links":{"self":[{"href":"https:\/\/suesin-dienstleistung.de\/index.php?rest_route=\/wp\/v2\/pages\/217","targetHints":{"allow":["GET"]}}],"collection":[{"href":"https:\/\/suesin-dienstleistung.de\/index.php?rest_route=\/wp\/v2\/pages"}],"about":[{"href":"https:\/\/suesin-dienstleistung.de\/index.php?rest_route=\/wp\/v2\/types\/page"}],"author":[{"embeddable":true,"href":"https:\/\/suesin-dienstleistung.de\/index.php?rest_route=\/wp\/v2\/users\/1"}],"replies":[{"embeddable":true,"href":"https:\/\/suesin-dienstleistung.de\/index.php?rest_route=%2Fwp%2Fv2%2Fcomments&post=217"}],"version-history":[{"count":3,"href":"https:\/\/suesin-dienstleistung.de\/index.php?rest_route=\/wp\/v2\/pages\/217\/revisions"}],"predecessor-version":[{"id":223,"href":"https:\/\/suesin-dienstleistung.de\/index.php?rest_route=\/wp\/v2\/pages\/217\/revisions\/223"}],"up":[{"embeddable":true,"href":"https:\/\/suesin-dienstleistung.de\/index.php?rest_route=\/wp\/v2\/pages\/180"}],"wp:attachment":[{"href":"https:\/\/suesin-dienstleistung.de\/index.php?rest_route=%2Fwp%2Fv2%2Fmedia&parent=217"}],"curies":[{"name":"wp","href":"https:\/\/api.w.org\/{rel}","templated":true}]}}