{"id":225,"date":"2021-04-10T14:43:01","date_gmt":"2021-04-10T12:43:01","guid":{"rendered":"http:\/\/suesin-gartenservice.de\/?page_id=225"},"modified":"2021-04-12T13:56:51","modified_gmt":"2021-04-12T11:56:51","slug":"troepfchenbewaesserung","status":"publish","type":"page","link":"https:\/\/suesin-dienstleistung.de\/?page_id=225","title":{"rendered":"Tr\u00f6pfchenbew\u00e4sserung"},"content":{"rendered":"\n<style type=\"text\/css\" data-created_by=\"avia_inline_auto\" id=\"style-css-av-knbqapwx-3d8d400010f94edaa214e8ea7441be96\">\n.avia-accordion.av-knbqapwx-3d8d400010f94edaa214e8ea7441be96{\nmax-height:430px;\n}\n.avia-accordion.av-knbqapwx-3d8d400010f94edaa214e8ea7441be96 .aviaccordion-preview{\nwidth:34.1%;\n}\n.avia-accordion .aviaccordion-slide.av-knbqapwx-3d8d400010f94edaa214e8ea7441be96__0{\nleft:0%;\n}\n.avia-accordion .aviaccordion-slide.av-knbqapwx-3d8d400010f94edaa214e8ea7441be96__1{\nleft:33.3333333333%;\n}\n.avia-accordion .aviaccordion-slide.av-knbqapwx-3d8d400010f94edaa214e8ea7441be96__2{\nleft:66.6666666667%;\n}\n<\/style>\n<div  id=\"accordion_slider_1\"  class='aviaccordion avia-accordion av-knbqapwx-3d8d400010f94edaa214e8ea7441be96 aviaccordion-title-inactive ' data-av-maxheight='430' data-autoplay='true' data-interval='3'   itemscope=\"itemscope\" itemtype=\"https:\/\/schema.org\/Blog\" ><ul class=\"aviaccordion-inner\"><li class='aviaccordion-slide av-knbqapwx-3d8d400010f94edaa214e8ea7441be96__0 aviaccordion-slide-1' data-av-left='0'  itemscope=\"itemscope\" itemtype=\"https:\/\/schema.org\/CreativeWork\" ><a class='aviaccordion-slide-link noHover' href=\"https:\/\/suesin-dienstleistung.de\/wp-content\/uploads\/2021\/04\/waseranlage1-1030x665.jpg\" data-srcset=\"https:\/\/suesin-dienstleistung.de\/wp-content\/uploads\/2021\/04\/waseranlage1-1030x665.jpg 1030w, https:\/\/suesin-dienstleistung.de\/wp-content\/uploads\/2021\/04\/waseranlage1-300x194.jpg 300w, https:\/\/suesin-dienstleistung.de\/wp-content\/uploads\/2021\/04\/waseranlage1-768x496.jpg 768w, https:\/\/suesin-dienstleistung.de\/wp-content\/uploads\/2021\/04\/waseranlage1-705x455.jpg 705w, https:\/\/suesin-dienstleistung.de\/wp-content\/uploads\/2021\/04\/waseranlage1.jpg 1300w\" data-sizes=\"(max-width: 1030px) 100vw, 1030px\"  title=\"Drip irrigation system on strawberry filed in farm, close up. St\" ><div class='aviaccordion-preview '><\/div><img decoding=\"async\" width=\"1300\" height=\"430\" data-src=\"https:\/\/suesin-dienstleistung.de\/wp-content\/uploads\/2021\/04\/waseranlage1-1300x430.jpg\" class=\"aviaccordion-image lazyload\" alt=\"\" src=\"data:image\/svg+xml;base64,PHN2ZyB3aWR0aD0iMSIgaGVpZ2h0PSIxIiB4bWxucz0iaHR0cDovL3d3dy53My5vcmcvMjAwMC9zdmciPjwvc3ZnPg==\" style=\"--smush-placeholder-width: 1300px; --smush-placeholder-aspect-ratio: 1300\/430;\" \/><\/a><\/li><li class='aviaccordion-slide av-knbqapwx-3d8d400010f94edaa214e8ea7441be96__1 aviaccordion-slide-2' data-av-left='33.3333333333'  itemscope=\"itemscope\" itemtype=\"https:\/\/schema.org\/CreativeWork\" ><a class='aviaccordion-slide-link noHover' href=\"https:\/\/suesin-dienstleistung.de\/wp-content\/uploads\/2021\/04\/waseranlage2-1030x579.jpg\" data-srcset=\"https:\/\/suesin-dienstleistung.de\/wp-content\/uploads\/2021\/04\/waseranlage2-1030x579.jpg 1030w, https:\/\/suesin-dienstleistung.de\/wp-content\/uploads\/2021\/04\/waseranlage2-300x169.jpg 300w, https:\/\/suesin-dienstleistung.de\/wp-content\/uploads\/2021\/04\/waseranlage2-768x432.jpg 768w, https:\/\/suesin-dienstleistung.de\/wp-content\/uploads\/2021\/04\/waseranlage2-705x397.jpg 705w, https:\/\/suesin-dienstleistung.de\/wp-content\/uploads\/2021\/04\/waseranlage2.jpg 1280w\" data-sizes=\"(max-width: 1030px) 100vw, 1030px\"  title=\"waseranlage2\" ><div class='aviaccordion-preview '><\/div><img decoding=\"async\" width=\"1280\" height=\"430\" data-src=\"https:\/\/suesin-dienstleistung.de\/wp-content\/uploads\/2021\/04\/waseranlage2-1280x430.jpg\" class=\"aviaccordion-image lazyload\" alt=\"\" src=\"data:image\/svg+xml;base64,PHN2ZyB3aWR0aD0iMSIgaGVpZ2h0PSIxIiB4bWxucz0iaHR0cDovL3d3dy53My5vcmcvMjAwMC9zdmciPjwvc3ZnPg==\" style=\"--smush-placeholder-width: 1280px; --smush-placeholder-aspect-ratio: 1280\/430;\" \/><\/a><\/li><li class='aviaccordion-slide av-knbqapwx-3d8d400010f94edaa214e8ea7441be96__2 aviaccordion-slide-3' data-av-left='66.6666666667'  itemscope=\"itemscope\" itemtype=\"https:\/\/schema.org\/CreativeWork\" ><a class='aviaccordion-slide-link noHover' href=\"https:\/\/suesin-dienstleistung.de\/wp-content\/uploads\/2021\/04\/waseranlage4-1030x690.jpg\" data-srcset=\"https:\/\/suesin-dienstleistung.de\/wp-content\/uploads\/2021\/04\/waseranlage4-1030x690.jpg 1030w, https:\/\/suesin-dienstleistung.de\/wp-content\/uploads\/2021\/04\/waseranlage4-300x201.jpg 300w, https:\/\/suesin-dienstleistung.de\/wp-content\/uploads\/2021\/04\/waseranlage4-768x515.jpg 768w, https:\/\/suesin-dienstleistung.de\/wp-content\/uploads\/2021\/04\/waseranlage4-705x472.jpg 705w, https:\/\/suesin-dienstleistung.de\/wp-content\/uploads\/2021\/04\/waseranlage4.jpg 1100w\" data-sizes=\"(max-width: 1030px) 100vw, 1030px\"  title=\"waseranlage4\" ><div class='aviaccordion-preview '><\/div><img decoding=\"async\" width=\"1100\" height=\"430\" data-src=\"https:\/\/suesin-dienstleistung.de\/wp-content\/uploads\/2021\/04\/waseranlage4-1100x430.jpg\" class=\"aviaccordion-image lazyload\" alt=\"\" src=\"data:image\/svg+xml;base64,PHN2ZyB3aWR0aD0iMSIgaGVpZ2h0PSIxIiB4bWxucz0iaHR0cDovL3d3dy53My5vcmcvMjAwMC9zdmciPjwvc3ZnPg==\" style=\"--smush-placeholder-width: 1100px; --smush-placeholder-aspect-ratio: 1100\/430;\" \/><\/a><\/li><\/ul><div class='aviaccordion-spacer' style='padding-bottom:28.6666666667%'><\/div><\/div>\n\n<style type=\"text\/css\" data-created_by=\"avia_inline_auto\" id=\"style-css-av-av_heading-92344b79a0bcbb04f866740d37c6a860\">\n#top .av-special-heading.av-av_heading-92344b79a0bcbb04f866740d37c6a860{\npadding-bottom:10px;\n}\nbody .av-special-heading.av-av_heading-92344b79a0bcbb04f866740d37c6a860 .av-special-heading-tag .heading-char{\nfont-size:25px;\n}\n.av-special-heading.av-av_heading-92344b79a0bcbb04f866740d37c6a860 .av-subheading{\nfont-size:15px;\n}\n<\/style>\n<div  class='av-special-heading av-av_heading-92344b79a0bcbb04f866740d37c6a860 av-special-heading-h3 blockquote modern-quote  avia-builder-el-1  el_after_av_slideshow_accordion  el_before_av_textblock  avia-builder-el-first '><h3 class='av-special-heading-tag'  itemprop=\"headline\"  >Tr\u00f6pfchenbew\u00e4sserung<\/h3><div class='av-subheading av-subheading_below'><p>Die Tropfbew\u00e4sserung ist ein Muss f\u00fcr die Landschaftsgestaltung, um durchschnittlich 80% Wasser zu sparen.<\/p>\n<\/div><div class=\"special-heading-border\"><div class=\"special-heading-inner-border\"><\/div><\/div><\/div>\n<section  class='av_textblock_section av-knbq7gju-8736746f2de4e946d6f79b7180b92a06'  itemscope=\"itemscope\" itemtype=\"https:\/\/schema.org\/CreativeWork\" ><div class='avia_textblock'  itemprop=\"text\" ><p>In der Garten-Service S\u00fcsin verstehen wir den Wert von Wasser und es ist nicht nur in unserem Leben wichtig, sondern auch in Pflanzen. Deshalb w\u00e4hlen wir das Tropfbew\u00e4sserungssystem, da die Tropfbew\u00e4sserung eine Methode ohne Wasserverschwendung ist. Mit unserem Expertenteam erhalten Sie nicht nur den besten Service, sondern auch die Sicherheit des besten Unternehmens in dieser Nische.\u00a0Wenn Sie sich f\u00fcr Greenopathy entscheiden, treten Sie dem Club von Tausenden unserer zufriedenen und zufriedenen Kunden bei.<\/p>\n<h3><b>WARUM TROPFENBEW\u00c4SSERUNG?<\/b><\/h3>\n<p>Tropfbew\u00e4sserung, weil es sehr wenig Wasser verbraucht, fast 80% weniger als Pflanzen mit einem Gartenschlauch zu gie\u00dfen, weil es direkt zu den Pflanzen geht, so dass keine Wasserverschwendung entsteht, und im Sommer ist es an einigen Stellen nicht m\u00f6glich, die Pflanzen mit \u00fcbersch\u00fcssigem Wasser zu versorgen Wasserknappheit deshalb w\u00e4hlen wir dies gegen\u00fcber jeder anderen Methode.\u00a0Die Tropfbew\u00e4sserung hilft auch dabei, die Pflanzen dort reichlich mit Wasser zu versorgen, wo sie am dringendsten ben\u00f6tigt werden, ohne dass Wasser verschwendet wird.<\/p>\n<h3><b>VORTEILE DER INSTALLATION DES DRIP-BEW\u00c4SSERUNGSSYSTEMS?<\/b><\/h3>\n<p>Wenn Sie sich also f\u00fcr eine Tropfbew\u00e4sserung entscheiden, minimieren Sie den Wasserverlust und aufgrund dessen wachsen keine Unkr\u00e4uter auf, da sie kein Wasser erhalten.<\/p>\n<p>Wenn Sie sich f\u00fcr Garten-Service S\u00fcsin entscheiden, w\u00e4hlen Sie Perfektion zu erschwinglichen Kosten. Das n\u00e4chste, was Sie tun m\u00fcssen, ist sitzen und das Gr\u00fcn genie\u00dfen.<\/p>\n<\/div><\/section>\n<div  class='hr av-ftx5d-b4d061b8ca573abdbe53bd04a9c67604 hr-default  avia-builder-el-3  el_after_av_textblock  el_before_av_one_full '><span class='hr-inner '><span class=\"hr-inner-style\"><\/span><\/span><\/div>\n\n<style type=\"text\/css\" data-created_by=\"avia_inline_auto\" id=\"style-css-av-aqa1d-e22302770062784d868854a1a1e8191f\">\n.flex_column.av-aqa1d-e22302770062784d868854a1a1e8191f{\nborder-radius:0px 0px 0px 0px;\n-webkit-border-radius:0px 0px 0px 0px;\n-moz-border-radius:0px 0px 0px 0px;\n}\n<\/style>\n<div class='flex_column av-aqa1d-e22302770062784d868854a1a1e8191f av_one_full  avia-builder-el-4  el_after_av_hr  avia-builder-el-last  first flex_column_div av-zero-column-padding '   ><section  class='av_textblock_section av-knbohwin-3f0a31d89dcb97f8e8d2ddb91bd33829'  itemscope=\"itemscope\" itemtype=\"https:\/\/schema.org\/CreativeWork\" ><div class='avia_textblock'  itemprop=\"text\" ><h2 id=\"cc-m-header-7553367561\" style=\"text-align: center;\"><span style=\"vertical-align: inherit;\"><span style=\"vertical-align: inherit;\"><span style=\"vertical-align: inherit;\"><span style=\"vertical-align: inherit;\">HABEN WIR IHR INTERESSE GEWECKT? DANN KONTAKTIEREN SIE UNS!<\/span><\/span><\/span><\/span><\/h2>\n<\/div><\/section><br \/>\n<div  class='avia-button-wrap avia-button-center  avia-builder-el-6  el_after_av_textblock  avia-builder-el-last ' ><a href='https:\/\/suesin-dienstleistung.de\/?page_id=83'  class='avia-button av-knbojcm4-be5228819fe8649cd9a709120bc682e1 avia-icon_select-no avia-size-large avia-position-center avia-color-theme-color' ><span class='avia_iconbox_title' >HIER KLICKEN<\/span><\/a><\/div><\/p><\/div>\n","protected":false},"excerpt":{"rendered":"","protected":false},"author":1,"featured_media":0,"parent":180,"menu_order":5,"comment_status":"closed","ping_status":"closed","template":"","meta":{"footnotes":""},"class_list":["post-225","page","type-page","status-publish","hentry"],"yoast_head":"<!-- This site is optimized with the Yoast SEO plugin v27.3 - https:\/\/yoast.com\/product\/yoast-seo-wordpress\/ -->\n<title>Tr\u00f6pfchenbew\u00e4sserung &#187; S\u00fcsin-Dienstleistung<\/title>\n<meta name=\"robots\" content=\"index, follow, max-snippet:-1, max-image-preview:large, max-video-preview:-1\" \/>\n<link rel=\"canonical\" href=\"https:\/\/suesin-dienstleistung.de\/?page_id=225\" \/>\n<meta property=\"og:locale\" content=\"de_DE\" \/>\n<meta property=\"og:type\" content=\"article\" \/>\n<meta property=\"og:title\" content=\"Tr\u00f6pfchenbew\u00e4sserung &#187; S\u00fcsin-Dienstleistung\" \/>\n<meta property=\"og:url\" content=\"https:\/\/suesin-dienstleistung.de\/?page_id=225\" \/>\n<meta property=\"og:site_name\" content=\"S\u00fcsin-Dienstleistung\" \/>\n<meta property=\"article:modified_time\" content=\"2021-04-12T11:56:51+00:00\" \/>\n<meta name=\"twitter:card\" content=\"summary_large_image\" \/>\n<meta name=\"twitter:label1\" content=\"Gesch\u00e4tzte Lesezeit\" \/>\n\t<meta name=\"twitter:data1\" content=\"1\u00a0Minute\" \/>\n<script type=\"application\/ld+json\" class=\"yoast-schema-graph\">{\"@context\":\"https:\\\/\\\/schema.org\",\"@graph\":[{\"@type\":\"WebPage\",\"@id\":\"https:\\\/\\\/suesin-dienstleistung.de\\\/?page_id=225\",\"url\":\"https:\\\/\\\/suesin-dienstleistung.de\\\/?page_id=225\",\"name\":\"Tr\u00f6pfchenbew\u00e4sserung &#187; S\u00fcsin-Dienstleistung\",\"isPartOf\":{\"@id\":\"https:\\\/\\\/suesin-dienstleistung.de\\\/#website\"},\"datePublished\":\"2021-04-10T12:43:01+00:00\",\"dateModified\":\"2021-04-12T11:56:51+00:00\",\"breadcrumb\":{\"@id\":\"https:\\\/\\\/suesin-dienstleistung.de\\\/?page_id=225#breadcrumb\"},\"inLanguage\":\"de\",\"potentialAction\":[{\"@type\":\"ReadAction\",\"target\":[\"https:\\\/\\\/suesin-dienstleistung.de\\\/?page_id=225\"]}]},{\"@type\":\"BreadcrumbList\",\"@id\":\"https:\\\/\\\/suesin-dienstleistung.de\\\/?page_id=225#breadcrumb\",\"itemListElement\":[{\"@type\":\"ListItem\",\"position\":1,\"name\":\"Startseite\",\"item\":\"https:\\\/\\\/suesin-dienstleistung.de\\\/?page_id=79\"},{\"@type\":\"ListItem\",\"position\":2,\"name\":\"Leistungen\",\"item\":\"https:\\\/\\\/suesin-dienstleistung.de\\\/?page_id=180\"},{\"@type\":\"ListItem\",\"position\":3,\"name\":\"Tr\u00f6pfchenbew\u00e4sserung\"}]},{\"@type\":\"WebSite\",\"@id\":\"https:\\\/\\\/suesin-dienstleistung.de\\\/#website\",\"url\":\"https:\\\/\\\/suesin-dienstleistung.de\\\/\",\"name\":\"Garten-Service S\u00fcsin\",\"description\":\"aus Erlensee\",\"publisher\":{\"@id\":\"https:\\\/\\\/suesin-dienstleistung.de\\\/#organization\"},\"potentialAction\":[{\"@type\":\"SearchAction\",\"target\":{\"@type\":\"EntryPoint\",\"urlTemplate\":\"https:\\\/\\\/suesin-dienstleistung.de\\\/?s={search_term_string}\"},\"query-input\":{\"@type\":\"PropertyValueSpecification\",\"valueRequired\":true,\"valueName\":\"search_term_string\"}}],\"inLanguage\":\"de\"},{\"@type\":\"Organization\",\"@id\":\"https:\\\/\\\/suesin-dienstleistung.de\\\/#organization\",\"name\":\"S\u00fcsin-Dienstleistung\",\"alternateName\":\"S\u00fcsin-Dienstleistung\",\"url\":\"https:\\\/\\\/suesin-dienstleistung.de\\\/\",\"logo\":{\"@type\":\"ImageObject\",\"inLanguage\":\"de\",\"@id\":\"https:\\\/\\\/suesin-dienstleistung.de\\\/#\\\/schema\\\/logo\\\/image\\\/\",\"url\":\"https:\\\/\\\/suesin-dienstleistung.de\\\/wp-content\\\/uploads\\\/2021\\\/04\\\/1.png\",\"contentUrl\":\"https:\\\/\\\/suesin-dienstleistung.de\\\/wp-content\\\/uploads\\\/2021\\\/04\\\/1.png\",\"width\":289,\"height\":279,\"caption\":\"S\u00fcsin-Dienstleistung\"},\"image\":{\"@id\":\"https:\\\/\\\/suesin-dienstleistung.de\\\/#\\\/schema\\\/logo\\\/image\\\/\"}}]}<\/script>\n<!-- \/ Yoast SEO plugin. -->","yoast_head_json":{"title":"Tr\u00f6pfchenbew\u00e4sserung &#187; S\u00fcsin-Dienstleistung","robots":{"index":"index","follow":"follow","max-snippet":"max-snippet:-1","max-image-preview":"max-image-preview:large","max-video-preview":"max-video-preview:-1"},"canonical":"https:\/\/suesin-dienstleistung.de\/?page_id=225","og_locale":"de_DE","og_type":"article","og_title":"Tr\u00f6pfchenbew\u00e4sserung &#187; S\u00fcsin-Dienstleistung","og_url":"https:\/\/suesin-dienstleistung.de\/?page_id=225","og_site_name":"S\u00fcsin-Dienstleistung","article_modified_time":"2021-04-12T11:56:51+00:00","twitter_card":"summary_large_image","twitter_misc":{"Gesch\u00e4tzte Lesezeit":"1\u00a0Minute"},"schema":{"@context":"https:\/\/schema.org","@graph":[{"@type":"WebPage","@id":"https:\/\/suesin-dienstleistung.de\/?page_id=225","url":"https:\/\/suesin-dienstleistung.de\/?page_id=225","name":"Tr\u00f6pfchenbew\u00e4sserung &#187; S\u00fcsin-Dienstleistung","isPartOf":{"@id":"https:\/\/suesin-dienstleistung.de\/#website"},"datePublished":"2021-04-10T12:43:01+00:00","dateModified":"2021-04-12T11:56:51+00:00","breadcrumb":{"@id":"https:\/\/suesin-dienstleistung.de\/?page_id=225#breadcrumb"},"inLanguage":"de","potentialAction":[{"@type":"ReadAction","target":["https:\/\/suesin-dienstleistung.de\/?page_id=225"]}]},{"@type":"BreadcrumbList","@id":"https:\/\/suesin-dienstleistung.de\/?page_id=225#breadcrumb","itemListElement":[{"@type":"ListItem","position":1,"name":"Startseite","item":"https:\/\/suesin-dienstleistung.de\/?page_id=79"},{"@type":"ListItem","position":2,"name":"Leistungen","item":"https:\/\/suesin-dienstleistung.de\/?page_id=180"},{"@type":"ListItem","position":3,"name":"Tr\u00f6pfchenbew\u00e4sserung"}]},{"@type":"WebSite","@id":"https:\/\/suesin-dienstleistung.de\/#website","url":"https:\/\/suesin-dienstleistung.de\/","name":"Garten-Service S\u00fcsin","description":"aus Erlensee","publisher":{"@id":"https:\/\/suesin-dienstleistung.de\/#organization"},"potentialAction":[{"@type":"SearchAction","target":{"@type":"EntryPoint","urlTemplate":"https:\/\/suesin-dienstleistung.de\/?s={search_term_string}"},"query-input":{"@type":"PropertyValueSpecification","valueRequired":true,"valueName":"search_term_string"}}],"inLanguage":"de"},{"@type":"Organization","@id":"https:\/\/suesin-dienstleistung.de\/#organization","name":"S\u00fcsin-Dienstleistung","alternateName":"S\u00fcsin-Dienstleistung","url":"https:\/\/suesin-dienstleistung.de\/","logo":{"@type":"ImageObject","inLanguage":"de","@id":"https:\/\/suesin-dienstleistung.de\/#\/schema\/logo\/image\/","url":"https:\/\/suesin-dienstleistung.de\/wp-content\/uploads\/2021\/04\/1.png","contentUrl":"https:\/\/suesin-dienstleistung.de\/wp-content\/uploads\/2021\/04\/1.png","width":289,"height":279,"caption":"S\u00fcsin-Dienstleistung"},"image":{"@id":"https:\/\/suesin-dienstleistung.de\/#\/schema\/logo\/image\/"}}]}},"_links":{"self":[{"href":"https:\/\/suesin-dienstleistung.de\/index.php?rest_route=\/wp\/v2\/pages\/225","targetHints":{"allow":["GET"]}}],"collection":[{"href":"https:\/\/suesin-dienstleistung.de\/index.php?rest_route=\/wp\/v2\/pages"}],"about":[{"href":"https:\/\/suesin-dienstleistung.de\/index.php?rest_route=\/wp\/v2\/types\/page"}],"author":[{"embeddable":true,"href":"https:\/\/suesin-dienstleistung.de\/index.php?rest_route=\/wp\/v2\/users\/1"}],"replies":[{"embeddable":true,"href":"https:\/\/suesin-dienstleistung.de\/index.php?rest_route=%2Fwp%2Fv2%2Fcomments&post=225"}],"version-history":[{"count":5,"href":"https:\/\/suesin-dienstleistung.de\/index.php?rest_route=\/wp\/v2\/pages\/225\/revisions"}],"predecessor-version":[{"id":858,"href":"https:\/\/suesin-dienstleistung.de\/index.php?rest_route=\/wp\/v2\/pages\/225\/revisions\/858"}],"up":[{"embeddable":true,"href":"https:\/\/suesin-dienstleistung.de\/index.php?rest_route=\/wp\/v2\/pages\/180"}],"wp:attachment":[{"href":"https:\/\/suesin-dienstleistung.de\/index.php?rest_route=%2Fwp%2Fv2%2Fmedia&parent=225"}],"curies":[{"name":"wp","href":"https:\/\/api.w.org\/{rel}","templated":true}]}}