{"id":83,"date":"2021-04-08T17:52:43","date_gmt":"2021-04-08T15:52:43","guid":{"rendered":"http:\/\/suesin-gartenservice.de\/?page_id=83"},"modified":"2026-03-13T02:32:04","modified_gmt":"2026-03-13T01:32:04","slug":"kontakt","status":"publish","type":"page","link":"https:\/\/suesin-dienstleistung.de\/?page_id=83","title":{"rendered":"Kontakt"},"content":{"rendered":"<form action=\"https:\/\/suesin-dienstleistung.de\/?page_id=83\" method=\"post\"  class=\"avia_ajax_form av-form-labels-visible   avia-builder-el-0  el_before_av_codeblock  avia-builder-el-first   \" data-avia-form-id=\"1\" data-avia-redirect='' ><fieldset><p class='  first_form  form_element form_fullwidth' id='element_avia_1_1'><label for=\"avia_1_1\">Firma oder Privatperson <abbr class=\"required\" title=\"ben\u00f6tigt\">*<\/abbr><\/label><select  name=\"avia_1_1\" class=\"select is_empty\" id=\"avia_1_1\"><option  value ='Firma'>Firma<\/option><option  value ='Herr'>Herr<\/option><option  value ='Frau'>Frau<\/option><\/select><\/p><p class='  first_form  form_element form_fullwidth' id='element_avia_2_1'><label for=\"avia_2_1\">Firmenname oder Name,Vorname <abbr class=\"required\" title=\"ben\u00f6tigt\">*<\/abbr><\/label> <input name=\"avia_2_1\" class=\"text_input is_empty\" type=\"text\" id=\"avia_2_1\" value=\"\" \/><\/p><p class='  first_form  form_element form_fullwidth' id='element_avia_3_1'><label for=\"avia_3_1\">Stra\u00dfe + Nr. <abbr class=\"required\" title=\"ben\u00f6tigt\">*<\/abbr><\/label> <input name=\"avia_3_1\" class=\"text_input is_empty\" type=\"text\" id=\"avia_3_1\" value=\"\" \/><\/p><p class='  first_form  form_element form_fullwidth' id='element_avia_4_1'><label for=\"avia_4_1\">Ort <abbr class=\"required\" title=\"ben\u00f6tigt\">*<\/abbr><\/label> <input name=\"avia_4_1\" class=\"text_input is_empty\" type=\"text\" id=\"avia_4_1\" value=\"\" \/><\/p><p class='  first_form  form_element form_fullwidth' id='element_avia_5_1'><label for=\"avia_5_1\">PLZ <abbr class=\"required\" title=\"ben\u00f6tigt\">*<\/abbr><\/label> <input name=\"avia_5_1\" class=\"text_input is_positiv_number\" type=\"text\" id=\"avia_5_1\" value=\"\" \/><\/p><p class='  first_form  form_element form_fullwidth' id='element_avia_6_1'><label for=\"avia_6_1\">E-Mail Adresse <abbr class=\"required\" title=\"ben\u00f6tigt\">*<\/abbr><\/label> <input name=\"avia_6_1\" class=\"text_input is_email\" type=\"text\" id=\"avia_6_1\" value=\"\" \/><\/p><p class='  first_form  form_element form_fullwidth' id='element_avia_7_1'><label for=\"avia_7_1\">Telefonnummer <abbr class=\"required\" title=\"ben\u00f6tigt\">*<\/abbr><\/label> <input name=\"avia_7_1\" class=\"text_input is_phone\" type=\"text\" id=\"avia_7_1\" value=\"\" \/><\/p><p class='  first_form  form_element form_fullwidth' id='element_avia_8_1'><label for=\"avia_8_1\">Betreff <abbr class=\"required\" title=\"ben\u00f6tigt\">*<\/abbr><\/label> <input name=\"avia_8_1\" class=\"text_input is_empty\" type=\"text\" id=\"avia_8_1\" value=\"\" \/><\/p><p class='  first_form  form_element form_fullwidth' id='element_avia_9_1'><label for=\"avia_9_1\" class=\"textare_label hidden textare_label_avia_9_1\">Nachricht <abbr class=\"required\" title=\"ben\u00f6tigt\">*<\/abbr><\/label><textarea  name=\"avia_9_1\" class=\"text_area is_empty\" cols=\"40\" rows=\"7\" id=\"avia_9_1\" ><\/textarea><\/p><p class=\"hidden\"><input type=\"text\" name=\"avia_10_1\" class=\"hidden \" id=\"avia_10_1\" value=\"\" \/><\/p><div id='avia_11_1' class='av-recaptcha-area  first_form  form_element form_fullwidth av-last-visible-form-element '  data-container_class=\"\" data-custom_class=\"\" data-context=\"av_contact_form\" data-token_input=\"av_recaptcha_token\" data-version=\"avia_recaptcha_v2\" data-theme=\"light\" data-size=\"normal\" data-score=\"0.5\" data-text_to_preview=\"\" data-value=\"\"><div class=\"av-google-badge-message hidden\">Diese Seite wird durch reCAPTCHA gesch\u00fctzt und es gelten die Google <a href=\"https:\/\/policies.google.com\/privacy\">Datenschutzerkl\u00e4rungen<\/a> und <a href=\"https:\/\/policies.google.com\/terms\">Nutzungsbedingungen<\/a><\/div><\/div><p class=' av_form_privacy_check av_contact_privacy_check first_form  form_element form_fullwidth' id='element_avia_12_1'><input  name=\"avia_12_1\" class=\"input_checkbox is_empty\" type=\"checkbox\" id=\"avia_12_1\" value=\"true\"\/><label class=\"input_checkbox_label\" for=\"avia_12_1\">Ich stimme den Bedingungen zu, die in der <a href='https:\/\/suesin-dienstleistung.de\/?page_id=118' target='_blank'>Datenschutzrichtlinie<\/a> dargelegt sind <abbr class=\"required\" title=\"ben\u00f6tigt\">*<\/abbr><\/label><\/p><p class=\"form_element \"><input type=\"hidden\" value=\"1\" name=\"avia_generated_form1\" \/><input type=\"submit\" value=\"Senden\" class=\"button\"  data-sending-label=\"Sende\"\/><\/p><\/fieldset><div class=\"avia-disabled-form\">Dieses Kontaktformular ist momentan deaktiviert, da Sie den Google reCAPTCHA-Service noch nicht akzeptiert haben. Dieser ist f\u00fcr die Validierung des Sendevorgangs jedoch notwendig<\/div><\/form><div id=\"ajaxresponse_1\" class=\"ajaxresponse ajaxresponse_1 hidden\"><\/div>\n\n<\/div><\/div><\/div><!-- close content main div --><\/div><\/div>\n<style type=\"text\/css\" data-created_by=\"avia_inline_auto\" id=\"style-css-av-2vion-e5aa033ebd17d1f9737c584e2b954b55\">\n.avia-section.av-2vion-e5aa033ebd17d1f9737c584e2b954b55{\nbackground-color:#719430;\nbackground:linear-gradient( to right, #719430, rgba(137,168,0,0.62) );\n}\n<\/style>\n<div id='av_section_1'  class='avia-section av-2vion-e5aa033ebd17d1f9737c584e2b954b55 main_color avia-section-default avia-no-border-styling  avia-builder-el-2  el_after_av_codeblock  el_before_av_codeblock  avia-bg-style-scroll container_wrap fullsize'  ><div class='container av-section-cont-open' ><div class='template-page content  av-content-full alpha units'><div class='post-entry post-entry-type-page post-entry-83'><div class='entry-content-wrapper clearfix'>\n\n<style type=\"text\/css\" data-created_by=\"avia_inline_auto\" id=\"style-css-av-25bpf-786016a478a9daf79d6cc29f9eeef043\">\n#top .av_textblock_section.av-25bpf-786016a478a9daf79d6cc29f9eeef043 .avia_textblock{\ncolor:#ffffff;\n}\n<\/style>\n<section  class='av_textblock_section av-25bpf-786016a478a9daf79d6cc29f9eeef043'  itemscope=\"itemscope\" itemtype=\"https:\/\/schema.org\/CreativeWork\" ><div class='avia_textblock av_inherit_color'  itemprop=\"text\" ><p><strong>S\u00fcsin-Dienstleistung<\/strong><br \/>\nTaunusstra\u00dfe 7<\/p>\n<p>63526 Erlensee<\/p>\n<p><strong>Tel.:<\/strong> 0155 63324064<\/p>\n<p><strong>Email.:<\/strong> info@suesin-gartenservice.de<\/p>\n<p><strong>Webseite:<\/strong> www.suesin-gartenservice.de<\/p>\n<\/div><\/section>\n\n<style type=\"text\/css\" data-created_by=\"avia_inline_auto\" id=\"style-css-av-9lk3z-82609822c08698f9053335312fcbbe8f\">\n#top .av-special-heading.av-9lk3z-82609822c08698f9053335312fcbbe8f{\npadding-bottom:10px;\n}\nbody .av-special-heading.av-9lk3z-82609822c08698f9053335312fcbbe8f .av-special-heading-tag .heading-char{\nfont-size:25px;\n}\n.av-special-heading.av-9lk3z-82609822c08698f9053335312fcbbe8f .av-subheading{\nfont-size:15px;\n}\n<\/style>\n<div  class='av-special-heading av-9lk3z-82609822c08698f9053335312fcbbe8f av-special-heading-h3  avia-builder-el-4  el_after_av_textblock  el_before_av_codeblock '><h3 class='av-special-heading-tag'  itemprop=\"headline\"  >KONTAKT<\/h3><div class=\"special-heading-border\"><div class=\"special-heading-inner-border\"><\/div><\/div><\/div>\n\n<\/div><\/div><\/div><!-- close content main div --><\/div><\/div><div id='after_section_1'  class='main_color av_default_container_wrap container_wrap fullsize'  ><div class='container av-section-cont-open' ><div class='template-page content  av-content-full alpha units'><div class='post-entry post-entry-type-page post-entry-83'><div class='entry-content-wrapper clearfix'><\/p>\n","protected":false},"excerpt":{"rendered":"","protected":false},"author":1,"featured_media":0,"parent":0,"menu_order":6,"comment_status":"closed","ping_status":"closed","template":"","meta":{"footnotes":""},"class_list":["post-83","page","type-page","status-publish","hentry"],"yoast_head":"<!-- This site is optimized with the Yoast SEO plugin v27.3 - https:\/\/yoast.com\/product\/yoast-seo-wordpress\/ -->\n<title>Kontakt &#187; S\u00fcsin-Dienstleistung<\/title>\n<meta name=\"description\" content=\"Z\u00f6gern Sie nicht, uns zu kontaktieren. F\u00fcr eine unverbindliche Beratung, ein Angebot oder erste Fragen stehen wir Ihnen gerne jederzeit zur Verf\u00fcgung.Wir freuen uns auf Sie! Simpelvelder Str. 16, 63505 Langenselbold Tel.: 0151 20 22 14 97 Email.: info@suesin-gartenservice.de\" \/>\n<meta name=\"robots\" content=\"index, follow, max-snippet:-1, max-image-preview:large, max-video-preview:-1\" \/>\n<link rel=\"canonical\" href=\"https:\/\/suesin-dienstleistung.de\/?page_id=83\" \/>\n<meta property=\"og:locale\" content=\"de_DE\" \/>\n<meta property=\"og:type\" content=\"article\" \/>\n<meta property=\"og:title\" content=\"Kontakt &#187; S\u00fcsin-Dienstleistung\" \/>\n<meta property=\"og:description\" content=\"Z\u00f6gern Sie nicht, uns zu kontaktieren. F\u00fcr eine unverbindliche Beratung, ein Angebot oder erste Fragen stehen wir Ihnen gerne jederzeit zur Verf\u00fcgung.Wir freuen uns auf Sie! Simpelvelder Str. 16, 63505 Langenselbold Tel.: 0151 20 22 14 97 Email.: info@suesin-gartenservice.de\" \/>\n<meta property=\"og:url\" content=\"https:\/\/suesin-dienstleistung.de\/?page_id=83\" \/>\n<meta property=\"og:site_name\" content=\"S\u00fcsin-Dienstleistung\" \/>\n<meta property=\"article:modified_time\" content=\"2026-03-13T01:32:04+00:00\" \/>\n<meta name=\"twitter:card\" content=\"summary_large_image\" \/>\n<meta name=\"twitter:label1\" content=\"Gesch\u00e4tzte Lesezeit\" \/>\n\t<meta name=\"twitter:data1\" content=\"2\u00a0Minuten\" \/>\n<script type=\"application\/ld+json\" class=\"yoast-schema-graph\">{\"@context\":\"https:\\\/\\\/schema.org\",\"@graph\":[{\"@type\":\"WebPage\",\"@id\":\"https:\\\/\\\/suesin-dienstleistung.de\\\/?page_id=83\",\"url\":\"https:\\\/\\\/suesin-dienstleistung.de\\\/?page_id=83\",\"name\":\"Kontakt &#187; S\u00fcsin-Dienstleistung\",\"isPartOf\":{\"@id\":\"https:\\\/\\\/suesin-dienstleistung.de\\\/#website\"},\"datePublished\":\"2021-04-08T15:52:43+00:00\",\"dateModified\":\"2026-03-13T01:32:04+00:00\",\"description\":\"Z\u00f6gern Sie nicht, uns zu kontaktieren. F\u00fcr eine unverbindliche Beratung, ein Angebot oder erste Fragen stehen wir Ihnen gerne jederzeit zur Verf\u00fcgung.Wir freuen uns auf Sie! Simpelvelder Str. 16, 63505 Langenselbold Tel.: 0151 20 22 14 97 Email.: info@suesin-gartenservice.de\",\"breadcrumb\":{\"@id\":\"https:\\\/\\\/suesin-dienstleistung.de\\\/?page_id=83#breadcrumb\"},\"inLanguage\":\"de\",\"potentialAction\":[{\"@type\":\"ReadAction\",\"target\":[\"https:\\\/\\\/suesin-dienstleistung.de\\\/?page_id=83\"]}]},{\"@type\":\"BreadcrumbList\",\"@id\":\"https:\\\/\\\/suesin-dienstleistung.de\\\/?page_id=83#breadcrumb\",\"itemListElement\":[{\"@type\":\"ListItem\",\"position\":1,\"name\":\"Startseite\",\"item\":\"https:\\\/\\\/suesin-dienstleistung.de\\\/?page_id=79\"},{\"@type\":\"ListItem\",\"position\":2,\"name\":\"Kontakt\"}]},{\"@type\":\"WebSite\",\"@id\":\"https:\\\/\\\/suesin-dienstleistung.de\\\/#website\",\"url\":\"https:\\\/\\\/suesin-dienstleistung.de\\\/\",\"name\":\"Garten-Service S\u00fcsin\",\"description\":\"aus Erlensee\",\"publisher\":{\"@id\":\"https:\\\/\\\/suesin-dienstleistung.de\\\/#organization\"},\"potentialAction\":[{\"@type\":\"SearchAction\",\"target\":{\"@type\":\"EntryPoint\",\"urlTemplate\":\"https:\\\/\\\/suesin-dienstleistung.de\\\/?s={search_term_string}\"},\"query-input\":{\"@type\":\"PropertyValueSpecification\",\"valueRequired\":true,\"valueName\":\"search_term_string\"}}],\"inLanguage\":\"de\"},{\"@type\":\"Organization\",\"@id\":\"https:\\\/\\\/suesin-dienstleistung.de\\\/#organization\",\"name\":\"S\u00fcsin-Dienstleistung\",\"alternateName\":\"S\u00fcsin-Dienstleistung\",\"url\":\"https:\\\/\\\/suesin-dienstleistung.de\\\/\",\"logo\":{\"@type\":\"ImageObject\",\"inLanguage\":\"de\",\"@id\":\"https:\\\/\\\/suesin-dienstleistung.de\\\/#\\\/schema\\\/logo\\\/image\\\/\",\"url\":\"https:\\\/\\\/suesin-dienstleistung.de\\\/wp-content\\\/uploads\\\/2021\\\/04\\\/1.png\",\"contentUrl\":\"https:\\\/\\\/suesin-dienstleistung.de\\\/wp-content\\\/uploads\\\/2021\\\/04\\\/1.png\",\"width\":289,\"height\":279,\"caption\":\"S\u00fcsin-Dienstleistung\"},\"image\":{\"@id\":\"https:\\\/\\\/suesin-dienstleistung.de\\\/#\\\/schema\\\/logo\\\/image\\\/\"}}]}<\/script>\n<!-- \/ Yoast SEO plugin. -->","yoast_head_json":{"title":"Kontakt &#187; S\u00fcsin-Dienstleistung","description":"Z\u00f6gern Sie nicht, uns zu kontaktieren. F\u00fcr eine unverbindliche Beratung, ein Angebot oder erste Fragen stehen wir Ihnen gerne jederzeit zur Verf\u00fcgung.Wir freuen uns auf Sie! Simpelvelder Str. 16, 63505 Langenselbold Tel.: 0151 20 22 14 97 Email.: info@suesin-gartenservice.de","robots":{"index":"index","follow":"follow","max-snippet":"max-snippet:-1","max-image-preview":"max-image-preview:large","max-video-preview":"max-video-preview:-1"},"canonical":"https:\/\/suesin-dienstleistung.de\/?page_id=83","og_locale":"de_DE","og_type":"article","og_title":"Kontakt &#187; S\u00fcsin-Dienstleistung","og_description":"Z\u00f6gern Sie nicht, uns zu kontaktieren. F\u00fcr eine unverbindliche Beratung, ein Angebot oder erste Fragen stehen wir Ihnen gerne jederzeit zur Verf\u00fcgung.Wir freuen uns auf Sie! Simpelvelder Str. 16, 63505 Langenselbold Tel.: 0151 20 22 14 97 Email.: info@suesin-gartenservice.de","og_url":"https:\/\/suesin-dienstleistung.de\/?page_id=83","og_site_name":"S\u00fcsin-Dienstleistung","article_modified_time":"2026-03-13T01:32:04+00:00","twitter_card":"summary_large_image","twitter_misc":{"Gesch\u00e4tzte Lesezeit":"2\u00a0Minuten"},"schema":{"@context":"https:\/\/schema.org","@graph":[{"@type":"WebPage","@id":"https:\/\/suesin-dienstleistung.de\/?page_id=83","url":"https:\/\/suesin-dienstleistung.de\/?page_id=83","name":"Kontakt &#187; S\u00fcsin-Dienstleistung","isPartOf":{"@id":"https:\/\/suesin-dienstleistung.de\/#website"},"datePublished":"2021-04-08T15:52:43+00:00","dateModified":"2026-03-13T01:32:04+00:00","description":"Z\u00f6gern Sie nicht, uns zu kontaktieren. F\u00fcr eine unverbindliche Beratung, ein Angebot oder erste Fragen stehen wir Ihnen gerne jederzeit zur Verf\u00fcgung.Wir freuen uns auf Sie! Simpelvelder Str. 16, 63505 Langenselbold Tel.: 0151 20 22 14 97 Email.: info@suesin-gartenservice.de","breadcrumb":{"@id":"https:\/\/suesin-dienstleistung.de\/?page_id=83#breadcrumb"},"inLanguage":"de","potentialAction":[{"@type":"ReadAction","target":["https:\/\/suesin-dienstleistung.de\/?page_id=83"]}]},{"@type":"BreadcrumbList","@id":"https:\/\/suesin-dienstleistung.de\/?page_id=83#breadcrumb","itemListElement":[{"@type":"ListItem","position":1,"name":"Startseite","item":"https:\/\/suesin-dienstleistung.de\/?page_id=79"},{"@type":"ListItem","position":2,"name":"Kontakt"}]},{"@type":"WebSite","@id":"https:\/\/suesin-dienstleistung.de\/#website","url":"https:\/\/suesin-dienstleistung.de\/","name":"Garten-Service S\u00fcsin","description":"aus Erlensee","publisher":{"@id":"https:\/\/suesin-dienstleistung.de\/#organization"},"potentialAction":[{"@type":"SearchAction","target":{"@type":"EntryPoint","urlTemplate":"https:\/\/suesin-dienstleistung.de\/?s={search_term_string}"},"query-input":{"@type":"PropertyValueSpecification","valueRequired":true,"valueName":"search_term_string"}}],"inLanguage":"de"},{"@type":"Organization","@id":"https:\/\/suesin-dienstleistung.de\/#organization","name":"S\u00fcsin-Dienstleistung","alternateName":"S\u00fcsin-Dienstleistung","url":"https:\/\/suesin-dienstleistung.de\/","logo":{"@type":"ImageObject","inLanguage":"de","@id":"https:\/\/suesin-dienstleistung.de\/#\/schema\/logo\/image\/","url":"https:\/\/suesin-dienstleistung.de\/wp-content\/uploads\/2021\/04\/1.png","contentUrl":"https:\/\/suesin-dienstleistung.de\/wp-content\/uploads\/2021\/04\/1.png","width":289,"height":279,"caption":"S\u00fcsin-Dienstleistung"},"image":{"@id":"https:\/\/suesin-dienstleistung.de\/#\/schema\/logo\/image\/"}}]}},"_links":{"self":[{"href":"https:\/\/suesin-dienstleistung.de\/index.php?rest_route=\/wp\/v2\/pages\/83","targetHints":{"allow":["GET"]}}],"collection":[{"href":"https:\/\/suesin-dienstleistung.de\/index.php?rest_route=\/wp\/v2\/pages"}],"about":[{"href":"https:\/\/suesin-dienstleistung.de\/index.php?rest_route=\/wp\/v2\/types\/page"}],"author":[{"embeddable":true,"href":"https:\/\/suesin-dienstleistung.de\/index.php?rest_route=\/wp\/v2\/users\/1"}],"replies":[{"embeddable":true,"href":"https:\/\/suesin-dienstleistung.de\/index.php?rest_route=%2Fwp%2Fv2%2Fcomments&post=83"}],"version-history":[{"count":11,"href":"https:\/\/suesin-dienstleistung.de\/index.php?rest_route=\/wp\/v2\/pages\/83\/revisions"}],"predecessor-version":[{"id":666,"href":"https:\/\/suesin-dienstleistung.de\/index.php?rest_route=\/wp\/v2\/pages\/83\/revisions\/666"}],"wp:attachment":[{"href":"https:\/\/suesin-dienstleistung.de\/index.php?rest_route=%2Fwp%2Fv2%2Fmedia&parent=83"}],"curies":[{"name":"wp","href":"https:\/\/api.w.org\/{rel}","templated":true}]}}